{"id":733994,"date":"2026-04-01T21:21:36","date_gmt":"2026-04-01T20:21:36","guid":{"rendered":"https:\/\/shop.kustom.ch\/?post_type=product&#038;p=733994"},"modified":"2026-04-01T21:23:29","modified_gmt":"2026-04-01T20:23:29","slug":"valeria-damen-thermo-jacke","status":"publish","type":"product","link":"https:\/\/shop.kustom.ch\/fr\/produit\/valeria-damen-thermo-jacke\/","title":{"rendered":"Veste thermique pour femmes Valeria"},"content":{"rendered":"<p>La veste Valeria. Cette veste tampon chaude avec un rembourrage de 225 g\/m\u00b2 tient fiablement chaud m\u00eame par basses temp\u00e9ratures - et convainc par son look \u00e9l\u00e9gant.<\/p>","protected":false},"excerpt":{"rendered":"<p>La veste Valeria. Cette veste tampon chaude avec un rembourrage de 225 g\/m\u00b2 tient fiablement chaud m\u00eame par basses temp\u00e9ratures - et convainc par son look \u00e9l\u00e9gant.<\/p>","protected":false},"featured_media":734052,"template":"","meta":[],"product_brand":[],"product_cat":[4186],"product_tag":[],"class_list":{"0":"post-733994","1":"product","2":"type-product","3":"status-publish","4":"has-post-thumbnail","6":"product_cat-jacken","7":"pa_brand-rukka","8":"pa_brand-type-workwear","9":"pa_filter-color-schwarz","10":"pa_filter-color-violet","12":"first","13":"instock","14":"taxable","15":"shipping-taxable","16":"purchasable","17":"product-type-variable","18":"add-to-wishlist-before_image"},"exclude_global_add_ons":[],"addons":[],"acf":[],"_links":{"self":[{"href":"https:\/\/shop.kustom.ch\/fr\/wp-json\/wp\/v2\/product\/733994"}],"collection":[{"href":"https:\/\/shop.kustom.ch\/fr\/wp-json\/wp\/v2\/product"}],"about":[{"href":"https:\/\/shop.kustom.ch\/fr\/wp-json\/wp\/v2\/types\/product"}],"wp:featuredmedia":[{"embeddable":true,"href":"https:\/\/shop.kustom.ch\/fr\/wp-json\/wp\/v2\/media\/734052"}],"wp:attachment":[{"href":"https:\/\/shop.kustom.ch\/fr\/wp-json\/wp\/v2\/media?parent=733994"}],"wp:term":[{"taxonomy":"product_brand","embeddable":true,"href":"https:\/\/shop.kustom.ch\/fr\/wp-json\/wp\/v2\/product_brand?post=733994"},{"taxonomy":"product_cat","embeddable":true,"href":"https:\/\/shop.kustom.ch\/fr\/wp-json\/wp\/v2\/product_cat?post=733994"},{"taxonomy":"product_tag","embeddable":true,"href":"https:\/\/shop.kustom.ch\/fr\/wp-json\/wp\/v2\/product_tag?post=733994"}],"curies":[{"name":"wp","href":"https:\/\/api.w.org\/{rel}","templated":true}]}}