{"id":733993,"date":"2026-04-01T21:21:36","date_gmt":"2026-04-01T20:21:36","guid":{"rendered":"https:\/\/shop.kustom.ch\/?post_type=product&#038;p=733993"},"modified":"2026-04-01T21:22:58","modified_gmt":"2026-04-01T20:22:58","slug":"flurina-damen-gilet","status":"publish","type":"product","link":"https:\/\/shop.kustom.ch\/fr\/produit\/flurina-damen-gilet\/","title":{"rendered":"Gilet pour femme Flurina"},"content":{"rendered":"<p>Le gilet Flurina. Avec son rembourrage de 300 g\/m\u00b2, le gilet tient le corps agr\u00e9ablement chaud tout en offrant une grande libert\u00e9 de mouvement - id\u00e9al pour les jours froids dans un quotidien actif.<\/p>","protected":false},"excerpt":{"rendered":"<p>Le gilet Flurina. Avec son rembourrage de 300 g\/m\u00b2, le gilet tient le corps agr\u00e9ablement chaud tout en offrant une grande libert\u00e9 de mouvement - id\u00e9al pour les jours froids dans un quotidien actif.<\/p>","protected":false},"featured_media":734034,"template":"","meta":[],"product_brand":[],"product_cat":[4208],"product_tag":[],"class_list":{"0":"post-733993","1":"product","2":"type-product","3":"status-publish","4":"has-post-thumbnail","6":"product_cat-westen","7":"pa_brand-rukka","8":"pa_brand-type-workwear","9":"pa_filter-color-orange","10":"pa_filter-color-schwarz","12":"first","13":"instock","14":"taxable","15":"shipping-taxable","16":"purchasable","17":"product-type-variable","18":"add-to-wishlist-before_image"},"exclude_global_add_ons":[],"addons":[],"acf":[],"_links":{"self":[{"href":"https:\/\/shop.kustom.ch\/fr\/wp-json\/wp\/v2\/product\/733993"}],"collection":[{"href":"https:\/\/shop.kustom.ch\/fr\/wp-json\/wp\/v2\/product"}],"about":[{"href":"https:\/\/shop.kustom.ch\/fr\/wp-json\/wp\/v2\/types\/product"}],"wp:featuredmedia":[{"embeddable":true,"href":"https:\/\/shop.kustom.ch\/fr\/wp-json\/wp\/v2\/media\/734034"}],"wp:attachment":[{"href":"https:\/\/shop.kustom.ch\/fr\/wp-json\/wp\/v2\/media?parent=733993"}],"wp:term":[{"taxonomy":"product_brand","embeddable":true,"href":"https:\/\/shop.kustom.ch\/fr\/wp-json\/wp\/v2\/product_brand?post=733993"},{"taxonomy":"product_cat","embeddable":true,"href":"https:\/\/shop.kustom.ch\/fr\/wp-json\/wp\/v2\/product_cat?post=733993"},{"taxonomy":"product_tag","embeddable":true,"href":"https:\/\/shop.kustom.ch\/fr\/wp-json\/wp\/v2\/product_tag?post=733993"}],"curies":[{"name":"wp","href":"https:\/\/api.w.org\/{rel}","templated":true}]}}