{"id":733917,"date":"2026-04-01T21:20:09","date_gmt":"2026-04-01T20:20:09","guid":{"rendered":"https:\/\/shop.kustom.ch\/?post_type=product&#038;p=733917"},"modified":"2026-04-01T21:21:30","modified_gmt":"2026-04-01T20:21:30","slug":"luisa-merino-langarm-shirt","status":"publish","type":"product","link":"https:\/\/shop.kustom.ch\/fr\/produit\/luisa-merino-langarm-shirt\/","title":{"rendered":"Luisa Merino shirt \u00e0 manches longues"},"content":{"rendered":"<p>Luisa . Ce t-shirt en m\u00e9rinos \u00e0 manches longues est le compagnon id\u00e9al de toutes les aventures dans la nature - il r\u00e9gule la temp\u00e9rature, est agr\u00e9ablement doux et fonctionnel \u00e0 la fois.<\/p>","protected":false},"excerpt":{"rendered":"<p>Luisa . Ce t-shirt en m\u00e9rinos \u00e0 manches longues est le compagnon id\u00e9al de toutes les aventures dans la nature - il r\u00e9gule la temp\u00e9rature, est agr\u00e9ablement doux et fonctionnel \u00e0 la fois.<\/p>","protected":false},"featured_media":733966,"template":"","meta":[],"product_brand":[],"product_cat":[4201],"product_tag":[],"class_list":{"0":"post-733917","1":"product","2":"type-product","3":"status-publish","4":"has-post-thumbnail","6":"product_cat-t-shirts","7":"pa_brand-rukka","8":"pa_brand-type-workwear","9":"pa_filter-color-gruen","10":"pa_filter-color-pink","12":"first","13":"instock","14":"taxable","15":"shipping-taxable","16":"purchasable","17":"product-type-variable","18":"add-to-wishlist-before_image"},"exclude_global_add_ons":[],"addons":[],"acf":[],"_links":{"self":[{"href":"https:\/\/shop.kustom.ch\/fr\/wp-json\/wp\/v2\/product\/733917"}],"collection":[{"href":"https:\/\/shop.kustom.ch\/fr\/wp-json\/wp\/v2\/product"}],"about":[{"href":"https:\/\/shop.kustom.ch\/fr\/wp-json\/wp\/v2\/types\/product"}],"wp:featuredmedia":[{"embeddable":true,"href":"https:\/\/shop.kustom.ch\/fr\/wp-json\/wp\/v2\/media\/733966"}],"wp:attachment":[{"href":"https:\/\/shop.kustom.ch\/fr\/wp-json\/wp\/v2\/media?parent=733917"}],"wp:term":[{"taxonomy":"product_brand","embeddable":true,"href":"https:\/\/shop.kustom.ch\/fr\/wp-json\/wp\/v2\/product_brand?post=733917"},{"taxonomy":"product_cat","embeddable":true,"href":"https:\/\/shop.kustom.ch\/fr\/wp-json\/wp\/v2\/product_cat?post=733917"},{"taxonomy":"product_tag","embeddable":true,"href":"https:\/\/shop.kustom.ch\/fr\/wp-json\/wp\/v2\/product_tag?post=733917"}],"curies":[{"name":"wp","href":"https:\/\/api.w.org\/{rel}","templated":true}]}}