{"id":733858,"date":"2026-04-01T21:19:12","date_gmt":"2026-04-01T20:19:12","guid":{"rendered":"https:\/\/shop.kustom.ch\/?post_type=product&#038;p=733858"},"modified":"2026-04-01T21:20:34","modified_gmt":"2026-04-01T20:20:34","slug":"rimba-damen-thermo-gilet-lang","status":"publish","type":"product","link":"https:\/\/shop.kustom.ch\/fr\/produit\/rimba-damen-thermo-gilet-lang\/","title":{"rendered":"Rimba Thermo Gilet long pour dames"},"content":{"rendered":"<p>Rimba est un v\u00eatement de sport. Avec son rembourrage l\u00e9ger et agr\u00e9able en no-down, elle se porte confortablement et se combine de multiples fa\u00e7ons. Que ce soit en ville, en for\u00eat ou en montagne, avec cette veste, on est toujours bien habill\u00e9 et on peut compter sur un look \u00e0 la fois styl\u00e9 et fonctionnel.<\/p>","protected":false},"excerpt":{"rendered":"<p>Rimba est un v\u00eatement de sport. Avec son rembourrage l\u00e9ger et agr\u00e9able en no-down, elle se porte confortablement et se combine de multiples fa\u00e7ons. Que ce soit en ville, en for\u00eat ou en montagne, avec cette veste, on est toujours bien habill\u00e9 et on peut compter sur un look \u00e0 la fois styl\u00e9 et fonctionnel.<\/p>","protected":false},"featured_media":733907,"template":"","meta":[],"product_brand":[],"product_cat":[4208],"product_tag":[],"class_list":{"0":"post-733858","1":"product","2":"type-product","3":"status-publish","4":"has-post-thumbnail","6":"product_cat-westen","7":"pa_brand-rukka","8":"pa_brand-type-workwear","9":"pa_filter-color-grau","10":"pa_filter-color-schwarz","12":"first","13":"instock","14":"taxable","15":"shipping-taxable","16":"purchasable","17":"product-type-variable","18":"add-to-wishlist-before_image"},"exclude_global_add_ons":[],"addons":[],"acf":[],"_links":{"self":[{"href":"https:\/\/shop.kustom.ch\/fr\/wp-json\/wp\/v2\/product\/733858"}],"collection":[{"href":"https:\/\/shop.kustom.ch\/fr\/wp-json\/wp\/v2\/product"}],"about":[{"href":"https:\/\/shop.kustom.ch\/fr\/wp-json\/wp\/v2\/types\/product"}],"wp:featuredmedia":[{"embeddable":true,"href":"https:\/\/shop.kustom.ch\/fr\/wp-json\/wp\/v2\/media\/733907"}],"wp:attachment":[{"href":"https:\/\/shop.kustom.ch\/fr\/wp-json\/wp\/v2\/media?parent=733858"}],"wp:term":[{"taxonomy":"product_brand","embeddable":true,"href":"https:\/\/shop.kustom.ch\/fr\/wp-json\/wp\/v2\/product_brand?post=733858"},{"taxonomy":"product_cat","embeddable":true,"href":"https:\/\/shop.kustom.ch\/fr\/wp-json\/wp\/v2\/product_cat?post=733858"},{"taxonomy":"product_tag","embeddable":true,"href":"https:\/\/shop.kustom.ch\/fr\/wp-json\/wp\/v2\/product_tag?post=733858"}],"curies":[{"name":"wp","href":"https:\/\/api.w.org\/{rel}","templated":true}]}}