{"id":733800,"date":"2026-04-01T21:18:15","date_gmt":"2026-04-01T20:18:15","guid":{"rendered":"https:\/\/shop.kustom.ch\/?post_type=product&#038;p=733800"},"modified":"2026-04-01T21:19:33","modified_gmt":"2026-04-01T20:19:33","slug":"neya-damen-winterjacke","status":"publish","type":"product","link":"https:\/\/shop.kustom.ch\/fr\/produit\/neya-damen-winterjacke\/","title":{"rendered":"Veste d'hiver pour femme Neya"},"content":{"rendered":"<p>Neya . Cette veste d'hiver en tissu ext\u00e9rieur 100 % r\u00e9sistant aux intemp\u00e9ries s\u00e9duit par sa capuche amovible, ses poches pratiques et sa longueur agr\u00e9able - id\u00e9ale pour les jours froids et humides.<\/p>","protected":false},"excerpt":{"rendered":"<p>Neya. Die Winterjacke aus 100&#x202F;% wetterfestem Obermaterial &#xFC;berzeugt mit abnehmbarer Kapuze, praktischen Taschen und einer angenehmen L&auml;nge &#x2013; ideal f&#xFC;r kalte, nasse Tage.<\/p>","protected":false},"featured_media":733846,"template":"","meta":[],"product_brand":[],"product_cat":[4186],"product_tag":[],"class_list":{"0":"post-733800","1":"product","2":"type-product","3":"status-publish","4":"has-post-thumbnail","6":"product_cat-jacken","7":"pa_brand-rukka","8":"pa_brand-type-workwear","9":"pa_filter-color-beige","10":"pa_filter-color-blau","11":"pa_filter-color-gruen","13":"first","14":"instock","15":"taxable","16":"shipping-taxable","17":"purchasable","18":"product-type-variable","19":"add-to-wishlist-before_image"},"exclude_global_add_ons":[],"addons":[],"acf":[],"_links":{"self":[{"href":"https:\/\/shop.kustom.ch\/fr\/wp-json\/wp\/v2\/product\/733800"}],"collection":[{"href":"https:\/\/shop.kustom.ch\/fr\/wp-json\/wp\/v2\/product"}],"about":[{"href":"https:\/\/shop.kustom.ch\/fr\/wp-json\/wp\/v2\/types\/product"}],"wp:featuredmedia":[{"embeddable":true,"href":"https:\/\/shop.kustom.ch\/fr\/wp-json\/wp\/v2\/media\/733846"}],"wp:attachment":[{"href":"https:\/\/shop.kustom.ch\/fr\/wp-json\/wp\/v2\/media?parent=733800"}],"wp:term":[{"taxonomy":"product_brand","embeddable":true,"href":"https:\/\/shop.kustom.ch\/fr\/wp-json\/wp\/v2\/product_brand?post=733800"},{"taxonomy":"product_cat","embeddable":true,"href":"https:\/\/shop.kustom.ch\/fr\/wp-json\/wp\/v2\/product_cat?post=733800"},{"taxonomy":"product_tag","embeddable":true,"href":"https:\/\/shop.kustom.ch\/fr\/wp-json\/wp\/v2\/product_tag?post=733800"}],"curies":[{"name":"wp","href":"https:\/\/api.w.org\/{rel}","templated":true}]}}