{"id":733745,"date":"2026-04-01T21:17:16","date_gmt":"2026-04-01T20:17:16","guid":{"rendered":"https:\/\/shop.kustom.ch\/?post_type=product&#038;p=733745"},"modified":"2026-04-01T21:18:39","modified_gmt":"2026-04-01T20:18:39","slug":"trailblaze-damen-regenjacke","status":"publish","type":"product","link":"https:\/\/shop.kustom.ch\/fr\/produit\/trailblaze-damen-regenjacke\/","title":{"rendered":"Veste de pluie Trailblaze pour femmes"},"content":{"rendered":"<p>Veste Trailblaze pour femmes. Cette veste convainc par ses d\u00e9tails bien pens\u00e9s pour une utilisation quotidienne sur le v\u00e9lo. Des \u00e9l\u00e9ments r\u00e9fl\u00e9chissants, une ventilation dorsale et de nombreuses poches assurent un grand confort et une visibilit\u00e9 maximale sur la route.<\/p>","protected":false},"excerpt":{"rendered":"<p>Veste Trailblaze pour femmes. Cette veste convainc par ses d\u00e9tails bien pens\u00e9s pour une utilisation quotidienne sur le v\u00e9lo. Des \u00e9l\u00e9ments r\u00e9fl\u00e9chissants, une ventilation dorsale et de nombreuses poches assurent un grand confort et une visibilit\u00e9 maximale sur la route.<\/p>","protected":false},"featured_media":733799,"template":"","meta":[],"product_brand":[],"product_cat":[4186],"product_tag":[],"class_list":{"0":"post-733745","1":"product","2":"type-product","3":"status-publish","4":"has-post-thumbnail","6":"product_cat-jacken","7":"pa_brand-rukka","8":"pa_brand-type-workwear","9":"pa_filter-color-blau","10":"pa_filter-color-pink","11":"pa_filter-color-schwarz","13":"first","14":"instock","15":"taxable","16":"shipping-taxable","17":"purchasable","18":"product-type-variable","19":"add-to-wishlist-before_image"},"exclude_global_add_ons":[],"addons":[],"acf":[],"_links":{"self":[{"href":"https:\/\/shop.kustom.ch\/fr\/wp-json\/wp\/v2\/product\/733745"}],"collection":[{"href":"https:\/\/shop.kustom.ch\/fr\/wp-json\/wp\/v2\/product"}],"about":[{"href":"https:\/\/shop.kustom.ch\/fr\/wp-json\/wp\/v2\/types\/product"}],"wp:featuredmedia":[{"embeddable":true,"href":"https:\/\/shop.kustom.ch\/fr\/wp-json\/wp\/v2\/media\/733799"}],"wp:attachment":[{"href":"https:\/\/shop.kustom.ch\/fr\/wp-json\/wp\/v2\/media?parent=733745"}],"wp:term":[{"taxonomy":"product_brand","embeddable":true,"href":"https:\/\/shop.kustom.ch\/fr\/wp-json\/wp\/v2\/product_brand?post=733745"},{"taxonomy":"product_cat","embeddable":true,"href":"https:\/\/shop.kustom.ch\/fr\/wp-json\/wp\/v2\/product_cat?post=733745"},{"taxonomy":"product_tag","embeddable":true,"href":"https:\/\/shop.kustom.ch\/fr\/wp-json\/wp\/v2\/product_tag?post=733745"}],"curies":[{"name":"wp","href":"https:\/\/api.w.org\/{rel}","templated":true}]}}