{"id":733664,"date":"2026-04-01T21:15:48","date_gmt":"2026-04-01T20:15:48","guid":{"rendered":"https:\/\/shop.kustom.ch\/?post_type=product&#038;p=733664"},"modified":"2026-04-01T21:17:10","modified_gmt":"2026-04-01T20:17:10","slug":"gina-damen-regenjacke","status":"publish","type":"product","link":"https:\/\/shop.kustom.ch\/fr\/produit\/gina-damen-regenjacke\/","title":{"rendered":"Gina Veste de pluie pour femme"},"content":{"rendered":"<p>La veste Gina. Veste ultral\u00e9g\u00e8re contre le vent et la pluie, \u00e9lastique et r\u00e9sistante aux intemp\u00e9ries. Parfaitement adapt\u00e9e au cyclisme, \u00e0 la randonn\u00e9e, au jogging et \u00e0 de nombreuses autres activit\u00e9s de plein air.<\/p>","protected":false},"excerpt":{"rendered":"<p>La veste Gina. Veste ultral\u00e9g\u00e8re contre le vent et la pluie, \u00e9lastique et r\u00e9sistante aux intemp\u00e9ries. Parfaitement adapt\u00e9e au cyclisme, \u00e0 la randonn\u00e9e, au jogging et \u00e0 de nombreuses autres activit\u00e9s de plein air.<\/p>","protected":false},"featured_media":733722,"template":"","meta":[],"product_brand":[],"product_cat":[4186],"product_tag":[],"class_list":{"0":"post-733664","1":"product","2":"type-product","3":"status-publish","4":"has-post-thumbnail","6":"product_cat-jacken","7":"pa_brand-rukka","8":"pa_brand-type-workwear","9":"pa_filter-color-pink","10":"pa_filter-color-schwarz","12":"first","13":"instock","14":"taxable","15":"shipping-taxable","16":"purchasable","17":"product-type-variable","18":"add-to-wishlist-before_image"},"exclude_global_add_ons":[],"addons":[],"acf":[],"_links":{"self":[{"href":"https:\/\/shop.kustom.ch\/fr\/wp-json\/wp\/v2\/product\/733664"}],"collection":[{"href":"https:\/\/shop.kustom.ch\/fr\/wp-json\/wp\/v2\/product"}],"about":[{"href":"https:\/\/shop.kustom.ch\/fr\/wp-json\/wp\/v2\/types\/product"}],"wp:featuredmedia":[{"embeddable":true,"href":"https:\/\/shop.kustom.ch\/fr\/wp-json\/wp\/v2\/media\/733722"}],"wp:attachment":[{"href":"https:\/\/shop.kustom.ch\/fr\/wp-json\/wp\/v2\/media?parent=733664"}],"wp:term":[{"taxonomy":"product_brand","embeddable":true,"href":"https:\/\/shop.kustom.ch\/fr\/wp-json\/wp\/v2\/product_brand?post=733664"},{"taxonomy":"product_cat","embeddable":true,"href":"https:\/\/shop.kustom.ch\/fr\/wp-json\/wp\/v2\/product_cat?post=733664"},{"taxonomy":"product_tag","embeddable":true,"href":"https:\/\/shop.kustom.ch\/fr\/wp-json\/wp\/v2\/product_tag?post=733664"}],"curies":[{"name":"wp","href":"https:\/\/api.w.org\/{rel}","templated":true}]}}