{"id":733633,"date":"2026-04-01T21:15:20","date_gmt":"2026-04-01T20:15:20","guid":{"rendered":"https:\/\/shop.kustom.ch\/?post_type=product&#038;p=733633"},"modified":"2026-04-01T21:16:42","modified_gmt":"2026-04-01T20:16:42","slug":"eliana-thermo-vest","status":"publish","type":"product","link":"https:\/\/shop.kustom.ch\/fr\/produit\/eliana-thermo-vest\/","title":{"rendered":"Gilet thermique Eliana"},"content":{"rendered":"<p>Le gilet Eliana. Ce gilet matelass\u00e9 l\u00e9ger assure une chaleur agr\u00e9able et offre de multiples possibilit\u00e9s d'utilisation.<\/p>","protected":false},"excerpt":{"rendered":"<p>Le gilet Eliana. Ce gilet matelass\u00e9 l\u00e9ger assure une chaleur agr\u00e9able et offre de multiples possibilit\u00e9s d'utilisation.<\/p>","protected":false},"featured_media":733673,"template":"","meta":[],"product_brand":[],"product_cat":[4208],"product_tag":[],"class_list":{"0":"post-733633","1":"product","2":"type-product","3":"status-publish","4":"has-post-thumbnail","6":"product_cat-westen","7":"pa_brand-rukka","8":"pa_brand-type-workwear","9":"pa_filter-color-blau","10":"pa_filter-color-gruen","11":"pa_filter-color-schwarz","13":"first","14":"instock","15":"taxable","16":"shipping-taxable","17":"purchasable","18":"product-type-variable","19":"add-to-wishlist-before_image"},"exclude_global_add_ons":[],"addons":[],"acf":[],"_links":{"self":[{"href":"https:\/\/shop.kustom.ch\/fr\/wp-json\/wp\/v2\/product\/733633"}],"collection":[{"href":"https:\/\/shop.kustom.ch\/fr\/wp-json\/wp\/v2\/product"}],"about":[{"href":"https:\/\/shop.kustom.ch\/fr\/wp-json\/wp\/v2\/types\/product"}],"wp:featuredmedia":[{"embeddable":true,"href":"https:\/\/shop.kustom.ch\/fr\/wp-json\/wp\/v2\/media\/733673"}],"wp:attachment":[{"href":"https:\/\/shop.kustom.ch\/fr\/wp-json\/wp\/v2\/media?parent=733633"}],"wp:term":[{"taxonomy":"product_brand","embeddable":true,"href":"https:\/\/shop.kustom.ch\/fr\/wp-json\/wp\/v2\/product_brand?post=733633"},{"taxonomy":"product_cat","embeddable":true,"href":"https:\/\/shop.kustom.ch\/fr\/wp-json\/wp\/v2\/product_cat?post=733633"},{"taxonomy":"product_tag","embeddable":true,"href":"https:\/\/shop.kustom.ch\/fr\/wp-json\/wp\/v2\/product_tag?post=733633"}],"curies":[{"name":"wp","href":"https:\/\/api.w.org\/{rel}","templated":true}]}}