{"id":733605,"date":"2026-04-01T21:14:51","date_gmt":"2026-04-01T20:14:51","guid":{"rendered":"https:\/\/shop.kustom.ch\/?post_type=product&#038;p=733605"},"modified":"2026-04-01T21:16:12","modified_gmt":"2026-04-01T20:16:12","slug":"chana-damen-regenmantel","status":"publish","type":"product","link":"https:\/\/shop.kustom.ch\/fr\/produit\/chana-damen-regenmantel\/","title":{"rendered":"Chana Imperm\u00e9able pour femme"},"content":{"rendered":"<p>Le Chana. Cet imperm\u00e9able un peu plus long se distingue par son design l\u00e9ger et sa coupe allong\u00e9e dans le dos. Il est r\u00e9sistant aux intemp\u00e9ries \u00e0 100 %.<\/p>","protected":false},"excerpt":{"rendered":"<p>Le Chana. Cet imperm\u00e9able un peu plus long se distingue par son design l\u00e9ger et sa coupe allong\u00e9e dans le dos. Il est r\u00e9sistant aux intemp\u00e9ries \u00e0 100 %.<\/p>","protected":false},"featured_media":733641,"template":"","meta":[],"product_brand":[],"product_cat":[4186],"product_tag":[],"class_list":{"0":"post-733605","1":"product","2":"type-product","3":"status-publish","4":"has-post-thumbnail","6":"product_cat-jacken","7":"pa_brand-rukka","8":"pa_brand-type-workwear","9":"pa_filter-color-beige","10":"pa_filter-color-blau","11":"pa_filter-color-gruen","13":"first","14":"instock","15":"taxable","16":"shipping-taxable","17":"purchasable","18":"product-type-variable","19":"add-to-wishlist-before_image"},"exclude_global_add_ons":[],"addons":[],"acf":[],"_links":{"self":[{"href":"https:\/\/shop.kustom.ch\/fr\/wp-json\/wp\/v2\/product\/733605"}],"collection":[{"href":"https:\/\/shop.kustom.ch\/fr\/wp-json\/wp\/v2\/product"}],"about":[{"href":"https:\/\/shop.kustom.ch\/fr\/wp-json\/wp\/v2\/types\/product"}],"wp:featuredmedia":[{"embeddable":true,"href":"https:\/\/shop.kustom.ch\/fr\/wp-json\/wp\/v2\/media\/733641"}],"wp:attachment":[{"href":"https:\/\/shop.kustom.ch\/fr\/wp-json\/wp\/v2\/media?parent=733605"}],"wp:term":[{"taxonomy":"product_brand","embeddable":true,"href":"https:\/\/shop.kustom.ch\/fr\/wp-json\/wp\/v2\/product_brand?post=733605"},{"taxonomy":"product_cat","embeddable":true,"href":"https:\/\/shop.kustom.ch\/fr\/wp-json\/wp\/v2\/product_cat?post=733605"},{"taxonomy":"product_tag","embeddable":true,"href":"https:\/\/shop.kustom.ch\/fr\/wp-json\/wp\/v2\/product_tag?post=733605"}],"curies":[{"name":"wp","href":"https:\/\/api.w.org\/{rel}","templated":true}]}}