{"id":733567,"date":"2026-04-01T21:14:27","date_gmt":"2026-04-01T20:14:27","guid":{"rendered":"https:\/\/shop.kustom.ch\/?post_type=product&#038;p=733567"},"modified":"2026-04-01T21:15:42","modified_gmt":"2026-04-01T20:15:42","slug":"eka-damen-3-4-hose","status":"publish","type":"product","link":"https:\/\/shop.kustom.ch\/fr\/produit\/eka-damen-3-4-hose\/","title":{"rendered":"Pantalon 3\/4 pour femmes Eka"},"content":{"rendered":"<p>Eka. Le tissu l\u00e9ger et \u00e9lastique garantit une libert\u00e9 de mouvement maximale, tandis que la coupe 3\/4 assure une l\u00e9g\u00e8ret\u00e9 agr\u00e9able tout en prot\u00e9geant les cuisses et les genoux.<\/p>","protected":false},"excerpt":{"rendered":"<p>Eka. Le tissu l\u00e9ger et \u00e9lastique garantit une libert\u00e9 de mouvement maximale, tandis que la coupe 3\/4 assure une l\u00e9g\u00e8ret\u00e9 agr\u00e9able tout en prot\u00e9geant les cuisses et les genoux.<\/p>","protected":false},"featured_media":733613,"template":"","meta":[],"product_brand":[],"product_cat":[4185],"product_tag":[],"class_list":{"0":"post-733567","1":"product","2":"type-product","3":"status-publish","4":"has-post-thumbnail","6":"product_cat-hosen","7":"pa_brand-rukka","8":"pa_brand-type-workwear","9":"pa_filter-color-blau","10":"pa_filter-color-grau","11":"pa_filter-color-rot","13":"first","14":"instock","15":"taxable","16":"shipping-taxable","17":"purchasable","18":"product-type-variable","19":"add-to-wishlist-before_image"},"exclude_global_add_ons":[],"addons":[],"acf":[],"_links":{"self":[{"href":"https:\/\/shop.kustom.ch\/fr\/wp-json\/wp\/v2\/product\/733567"}],"collection":[{"href":"https:\/\/shop.kustom.ch\/fr\/wp-json\/wp\/v2\/product"}],"about":[{"href":"https:\/\/shop.kustom.ch\/fr\/wp-json\/wp\/v2\/types\/product"}],"wp:featuredmedia":[{"embeddable":true,"href":"https:\/\/shop.kustom.ch\/fr\/wp-json\/wp\/v2\/media\/733613"}],"wp:attachment":[{"href":"https:\/\/shop.kustom.ch\/fr\/wp-json\/wp\/v2\/media?parent=733567"}],"wp:term":[{"taxonomy":"product_brand","embeddable":true,"href":"https:\/\/shop.kustom.ch\/fr\/wp-json\/wp\/v2\/product_brand?post=733567"},{"taxonomy":"product_cat","embeddable":true,"href":"https:\/\/shop.kustom.ch\/fr\/wp-json\/wp\/v2\/product_cat?post=733567"},{"taxonomy":"product_tag","embeddable":true,"href":"https:\/\/shop.kustom.ch\/fr\/wp-json\/wp\/v2\/product_tag?post=733567"}],"curies":[{"name":"wp","href":"https:\/\/api.w.org\/{rel}","templated":true}]}}