{"id":733515,"date":"2026-04-01T21:13:30","date_gmt":"2026-04-01T20:13:30","guid":{"rendered":"https:\/\/shop.kustom.ch\/?post_type=product&#038;p=733515"},"modified":"2026-04-01T21:15:12","modified_gmt":"2026-04-01T20:15:12","slug":"siti-damen-regenmantel","status":"publish","type":"product","link":"https:\/\/shop.kustom.ch\/fr\/produit\/siti-damen-regenmantel\/","title":{"rendered":"Siti Imperm\u00e9able pour femme"},"content":{"rendered":"<p>Siti . Cet imperm\u00e9able court et sobre est le compagnon id\u00e9al des journ\u00e9es fra\u00eeches et humides. Avec son mat\u00e9riau l\u00e9ger, il offre une protection maximale contre le vent et les intemp\u00e9ries.<\/p>","protected":false},"excerpt":{"rendered":"<p>Siti . Cet imperm\u00e9able court et sobre est le compagnon id\u00e9al des journ\u00e9es fra\u00eeches et humides. Avec son mat\u00e9riau l\u00e9ger, il offre une protection maximale contre le vent et les intemp\u00e9ries.<\/p>","protected":false},"featured_media":733566,"template":"","meta":[],"product_brand":[],"product_cat":[4186],"product_tag":[],"class_list":{"0":"post-733515","1":"product","2":"type-product","3":"status-publish","4":"has-post-thumbnail","6":"product_cat-jacken","7":"pa_brand-rukka","8":"pa_brand-type-workwear","9":"pa_filter-color-blau","10":"pa_filter-color-gruen","11":"pa_filter-color-rot","12":"pa_filter-color-violet","14":"first","15":"instock","16":"taxable","17":"shipping-taxable","18":"purchasable","19":"product-type-variable","20":"add-to-wishlist-before_image"},"exclude_global_add_ons":[],"addons":[],"acf":[],"_links":{"self":[{"href":"https:\/\/shop.kustom.ch\/fr\/wp-json\/wp\/v2\/product\/733515"}],"collection":[{"href":"https:\/\/shop.kustom.ch\/fr\/wp-json\/wp\/v2\/product"}],"about":[{"href":"https:\/\/shop.kustom.ch\/fr\/wp-json\/wp\/v2\/types\/product"}],"wp:featuredmedia":[{"embeddable":true,"href":"https:\/\/shop.kustom.ch\/fr\/wp-json\/wp\/v2\/media\/733566"}],"wp:attachment":[{"href":"https:\/\/shop.kustom.ch\/fr\/wp-json\/wp\/v2\/media?parent=733515"}],"wp:term":[{"taxonomy":"product_brand","embeddable":true,"href":"https:\/\/shop.kustom.ch\/fr\/wp-json\/wp\/v2\/product_brand?post=733515"},{"taxonomy":"product_cat","embeddable":true,"href":"https:\/\/shop.kustom.ch\/fr\/wp-json\/wp\/v2\/product_cat?post=733515"},{"taxonomy":"product_tag","embeddable":true,"href":"https:\/\/shop.kustom.ch\/fr\/wp-json\/wp\/v2\/product_tag?post=733515"}],"curies":[{"name":"wp","href":"https:\/\/api.w.org\/{rel}","templated":true}]}}