{"id":733465,"date":"2026-04-01T21:12:37","date_gmt":"2026-04-01T20:12:37","guid":{"rendered":"https:\/\/shop.kustom.ch\/?post_type=product&#038;p=733465"},"modified":"2026-04-01T21:13:53","modified_gmt":"2026-04-01T20:13:53","slug":"rara-damen-regenjacke","status":"publish","type":"product","link":"https:\/\/shop.kustom.ch\/fr\/produit\/rara-damen-regenjacke\/","title":{"rendered":"Veste de pluie pour femme Rara"},"content":{"rendered":"<p>Rara. Cette veste en PU un peu plus courte s\u00e9duit par sa l\u00e9g\u00e8ret\u00e9 et sa r\u00e9sistance aux intemp\u00e9ries.<\/p>","protected":false},"excerpt":{"rendered":"<p>Rara. Cette veste en PU un peu plus courte s\u00e9duit par sa l\u00e9g\u00e8ret\u00e9 et sa r\u00e9sistance aux intemp\u00e9ries.<\/p>","protected":false},"featured_media":733514,"template":"","meta":[],"product_brand":[],"product_cat":[4186],"product_tag":[],"class_list":{"0":"post-733465","1":"product","2":"type-product","3":"status-publish","4":"has-post-thumbnail","6":"product_cat-jacken","7":"pa_brand-rukka","8":"pa_brand-type-workwear","9":"pa_filter-color-blau","10":"pa_filter-color-schwarz","11":"pa_filter-color-violet","13":"first","14":"instock","15":"taxable","16":"shipping-taxable","17":"purchasable","18":"product-type-variable","19":"add-to-wishlist-before_image"},"exclude_global_add_ons":[],"addons":[],"acf":[],"_links":{"self":[{"href":"https:\/\/shop.kustom.ch\/fr\/wp-json\/wp\/v2\/product\/733465"}],"collection":[{"href":"https:\/\/shop.kustom.ch\/fr\/wp-json\/wp\/v2\/product"}],"about":[{"href":"https:\/\/shop.kustom.ch\/fr\/wp-json\/wp\/v2\/types\/product"}],"wp:featuredmedia":[{"embeddable":true,"href":"https:\/\/shop.kustom.ch\/fr\/wp-json\/wp\/v2\/media\/733514"}],"wp:attachment":[{"href":"https:\/\/shop.kustom.ch\/fr\/wp-json\/wp\/v2\/media?parent=733465"}],"wp:term":[{"taxonomy":"product_brand","embeddable":true,"href":"https:\/\/shop.kustom.ch\/fr\/wp-json\/wp\/v2\/product_brand?post=733465"},{"taxonomy":"product_cat","embeddable":true,"href":"https:\/\/shop.kustom.ch\/fr\/wp-json\/wp\/v2\/product_cat?post=733465"},{"taxonomy":"product_tag","embeddable":true,"href":"https:\/\/shop.kustom.ch\/fr\/wp-json\/wp\/v2\/product_tag?post=733465"}],"curies":[{"name":"wp","href":"https:\/\/api.w.org\/{rel}","templated":true}]}}