{"id":733278,"date":"2026-04-01T21:09:19","date_gmt":"2026-04-01T20:09:19","guid":{"rendered":"https:\/\/shop.kustom.ch\/?post_type=product&#038;p=733278"},"modified":"2026-04-01T21:11:04","modified_gmt":"2026-04-01T20:11:04","slug":"lulu-damen-parka","status":"publish","type":"product","link":"https:\/\/shop.kustom.ch\/fr\/produit\/lulu-damen-parka\/","title":{"rendered":"Parka pour femme Lulu"},"content":{"rendered":"<p>Lulu . Cette belle parka d'hiver sobre est absolument r\u00e9sistante aux intemp\u00e9ries. Malgr\u00e9 son rembourrage volumineux et chaud, elle est douce et souple, ce qui en fait le manteau parfait pour les jours d'hiver froids et humides.<\/p>","protected":false},"excerpt":{"rendered":"<p>Lulu . Cette belle parka d'hiver sobre est absolument r\u00e9sistante aux intemp\u00e9ries. Malgr\u00e9 son rembourrage volumineux et chaud, elle est douce et souple, ce qui en fait le manteau parfait pour les jours d'hiver froids et humides.<\/p>","protected":false},"featured_media":733341,"template":"","meta":[],"product_brand":[],"product_cat":[4186],"product_tag":[],"class_list":{"0":"post-733278","1":"product","2":"type-product","3":"status-publish","4":"has-post-thumbnail","6":"product_cat-jacken","7":"pa_brand-rukka","8":"pa_brand-type-workwear","9":"pa_filter-color-blau","10":"pa_filter-color-pink","11":"pa_filter-color-rot","12":"pa_filter-color-schwarz","14":"first","15":"instock","16":"taxable","17":"shipping-taxable","18":"purchasable","19":"product-type-variable","20":"add-to-wishlist-before_image"},"exclude_global_add_ons":[],"addons":[],"acf":[],"_links":{"self":[{"href":"https:\/\/shop.kustom.ch\/fr\/wp-json\/wp\/v2\/product\/733278"}],"collection":[{"href":"https:\/\/shop.kustom.ch\/fr\/wp-json\/wp\/v2\/product"}],"about":[{"href":"https:\/\/shop.kustom.ch\/fr\/wp-json\/wp\/v2\/types\/product"}],"wp:featuredmedia":[{"embeddable":true,"href":"https:\/\/shop.kustom.ch\/fr\/wp-json\/wp\/v2\/media\/733341"}],"wp:attachment":[{"href":"https:\/\/shop.kustom.ch\/fr\/wp-json\/wp\/v2\/media?parent=733278"}],"wp:term":[{"taxonomy":"product_brand","embeddable":true,"href":"https:\/\/shop.kustom.ch\/fr\/wp-json\/wp\/v2\/product_brand?post=733278"},{"taxonomy":"product_cat","embeddable":true,"href":"https:\/\/shop.kustom.ch\/fr\/wp-json\/wp\/v2\/product_cat?post=733278"},{"taxonomy":"product_tag","embeddable":true,"href":"https:\/\/shop.kustom.ch\/fr\/wp-json\/wp\/v2\/product_tag?post=733278"}],"curies":[{"name":"wp","href":"https:\/\/api.w.org\/{rel}","templated":true}]}}