{"id":733253,"date":"2026-04-01T21:08:52","date_gmt":"2026-04-01T20:08:52","guid":{"rendered":"https:\/\/shop.kustom.ch\/?post_type=product&#038;p=733253"},"modified":"2026-04-01T21:10:06","modified_gmt":"2026-04-01T20:10:06","slug":"riley-damen-wintermantel","status":"publish","type":"product","link":"https:\/\/shop.kustom.ch\/fr\/produit\/riley-damen-wintermantel\/","title":{"rendered":"Riley Manteau d'hiver pour femme"},"content":{"rendered":"<p>Le manteau Riley. Le long manteau matelass\u00e9 avec remplissage No-down n'est pas seulement l\u00e9ger, il est aussi merveilleusement chaud et id\u00e9al pour les jours froids.<\/p>","protected":false},"excerpt":{"rendered":"<p>Le manteau Riley. Le long manteau matelass\u00e9 avec remplissage No-down n'est pas seulement l\u00e9ger, il est aussi merveilleusement chaud et id\u00e9al pour les jours froids.<\/p>","protected":false},"featured_media":733307,"template":"","meta":[],"product_brand":[],"product_cat":[4186],"product_tag":[],"class_list":{"0":"post-733253","1":"product","2":"type-product","3":"status-publish","4":"has-post-thumbnail","6":"product_cat-jacken","7":"pa_brand-rukka","8":"pa_brand-type-workwear","9":"pa_filter-color-blau","10":"pa_filter-color-gelb","12":"first","13":"instock","14":"taxable","15":"shipping-taxable","16":"purchasable","17":"product-type-variable","18":"add-to-wishlist-before_image"},"exclude_global_add_ons":[],"addons":[],"acf":[],"_links":{"self":[{"href":"https:\/\/shop.kustom.ch\/fr\/wp-json\/wp\/v2\/product\/733253"}],"collection":[{"href":"https:\/\/shop.kustom.ch\/fr\/wp-json\/wp\/v2\/product"}],"about":[{"href":"https:\/\/shop.kustom.ch\/fr\/wp-json\/wp\/v2\/types\/product"}],"wp:featuredmedia":[{"embeddable":true,"href":"https:\/\/shop.kustom.ch\/fr\/wp-json\/wp\/v2\/media\/733307"}],"wp:attachment":[{"href":"https:\/\/shop.kustom.ch\/fr\/wp-json\/wp\/v2\/media?parent=733253"}],"wp:term":[{"taxonomy":"product_brand","embeddable":true,"href":"https:\/\/shop.kustom.ch\/fr\/wp-json\/wp\/v2\/product_brand?post=733253"},{"taxonomy":"product_cat","embeddable":true,"href":"https:\/\/shop.kustom.ch\/fr\/wp-json\/wp\/v2\/product_cat?post=733253"},{"taxonomy":"product_tag","embeddable":true,"href":"https:\/\/shop.kustom.ch\/fr\/wp-json\/wp\/v2\/product_tag?post=733253"}],"curies":[{"name":"wp","href":"https:\/\/api.w.org\/{rel}","templated":true}]}}