{"id":733214,"date":"2026-04-01T21:07:50","date_gmt":"2026-04-01T20:07:50","guid":{"rendered":"https:\/\/shop.kustom.ch\/?post_type=product&#038;p=733214"},"modified":"2026-04-01T21:09:40","modified_gmt":"2026-04-01T20:09:40","slug":"clara-3-in-1-wintermantel","status":"publish","type":"product","link":"https:\/\/shop.kustom.ch\/fr\/produit\/clara-3-in-1-wintermantel\/","title":{"rendered":"Clara Manteau d'hiver 3 en 1"},"content":{"rendered":"<p>Clara . Deux superbes manteaux en un. Clara dispose d'un manteau matelass\u00e9 amovible et peut donc vraiment \u00eatre consid\u00e9r\u00e9 comme un manteau 3 en 1. Le manteau matelass\u00e9 l\u00e9ger suffit pour les p\u00e9riodes de transition plus fra\u00eeches, tandis que l'imperm\u00e9able r\u00e9sistant aux intemp\u00e9ries est parfait pour les jours de pluie en \u00e9t\u00e9. Mais lorsqu'il fait vraiment froid et humide, le manteau matelass\u00e9 et l'imperm\u00e9able deviennent le manteau d'hiver parfait.<\/p>","protected":false},"excerpt":{"rendered":"<p>Clara. Zwei tolle M\u00e4ntel in einem. Clara verf\u00fcgt \u00fcber einen abnehmbaren Steppmantel und kann somit wirklich als 3-in-1-Mantel bezeichnet werden. F\u00fcr die k\u00fchlere \u00dcbergangszeit reicht der leichte Steppmantel, f\u00fcr regnerische Sommertage eignet sich auch der wetterfeste Regenmantel perfekt. Wenn es dann aber richtig kalt und nass wird, wird der Steppmantel zusammen mit dem Regenmantel zum [&hellip;]<\/p>\n","protected":false},"featured_media":733265,"template":"","meta":[],"product_brand":[],"product_cat":[4186],"product_tag":[],"class_list":{"0":"post-733214","1":"product","2":"type-product","3":"status-publish","4":"has-post-thumbnail","6":"product_cat-jacken","7":"pa_brand-rukka","8":"pa_brand-type-workwear","9":"pa_filter-color-beige","10":"pa_filter-color-blau","11":"pa_filter-color-gruen","12":"pa_filter-color-schwarz","14":"first","15":"instock","16":"taxable","17":"shipping-taxable","18":"purchasable","19":"product-type-variable","20":"add-to-wishlist-before_image"},"exclude_global_add_ons":[],"addons":[],"acf":[],"_links":{"self":[{"href":"https:\/\/shop.kustom.ch\/fr\/wp-json\/wp\/v2\/product\/733214"}],"collection":[{"href":"https:\/\/shop.kustom.ch\/fr\/wp-json\/wp\/v2\/product"}],"about":[{"href":"https:\/\/shop.kustom.ch\/fr\/wp-json\/wp\/v2\/types\/product"}],"wp:featuredmedia":[{"embeddable":true,"href":"https:\/\/shop.kustom.ch\/fr\/wp-json\/wp\/v2\/media\/733265"}],"wp:attachment":[{"href":"https:\/\/shop.kustom.ch\/fr\/wp-json\/wp\/v2\/media?parent=733214"}],"wp:term":[{"taxonomy":"product_brand","embeddable":true,"href":"https:\/\/shop.kustom.ch\/fr\/wp-json\/wp\/v2\/product_brand?post=733214"},{"taxonomy":"product_cat","embeddable":true,"href":"https:\/\/shop.kustom.ch\/fr\/wp-json\/wp\/v2\/product_cat?post=733214"},{"taxonomy":"product_tag","embeddable":true,"href":"https:\/\/shop.kustom.ch\/fr\/wp-json\/wp\/v2\/product_tag?post=733214"}],"curies":[{"name":"wp","href":"https:\/\/api.w.org\/{rel}","templated":true}]}}