{"id":733186,"date":"2026-04-01T21:07:19","date_gmt":"2026-04-01T20:07:19","guid":{"rendered":"https:\/\/shop.kustom.ch\/?post_type=product&#038;p=733186"},"modified":"2026-04-01T21:08:46","modified_gmt":"2026-04-01T20:08:46","slug":"melanie-damen-wintermantel","status":"publish","type":"product","link":"https:\/\/shop.kustom.ch\/fr\/produit\/melanie-damen-wintermantel\/","title":{"rendered":"Melanie Manteau d'hiver pour femme"},"content":{"rendered":"<p>Melanie . La nouvelle veste 3 en 1 avec sa belle veste matelass\u00e9e amovible prot\u00e8ge efficacement du vent et des intemp\u00e9ries tout au long de l'ann\u00e9e. Que ce soit en ville ou \u00e0 la montagne, avec Melanie, on est toujours habill\u00e9 de mani\u00e8re optimale.<\/p>","protected":false},"excerpt":{"rendered":"<p>Melanie . La nouvelle veste 3 en 1 avec sa belle veste matelass\u00e9e amovible prot\u00e8ge efficacement du vent et des intemp\u00e9ries tout au long de l'ann\u00e9e. Que ce soit en ville ou \u00e0 la montagne, avec Melanie, on est toujours habill\u00e9 de mani\u00e8re optimale.<\/p>","protected":false},"featured_media":733228,"template":"","meta":[],"product_brand":[],"product_cat":[4186],"product_tag":[],"class_list":{"0":"post-733186","1":"product","2":"type-product","3":"status-publish","4":"has-post-thumbnail","6":"product_cat-jacken","7":"pa_brand-rukka","8":"pa_brand-type-workwear","9":"pa_filter-color-blau","10":"pa_filter-color-gelb","11":"pa_filter-color-gruen","13":"first","14":"instock","15":"taxable","16":"shipping-taxable","17":"purchasable","18":"product-type-variable","19":"add-to-wishlist-before_image"},"exclude_global_add_ons":[],"addons":[],"acf":[],"_links":{"self":[{"href":"https:\/\/shop.kustom.ch\/fr\/wp-json\/wp\/v2\/product\/733186"}],"collection":[{"href":"https:\/\/shop.kustom.ch\/fr\/wp-json\/wp\/v2\/product"}],"about":[{"href":"https:\/\/shop.kustom.ch\/fr\/wp-json\/wp\/v2\/types\/product"}],"wp:featuredmedia":[{"embeddable":true,"href":"https:\/\/shop.kustom.ch\/fr\/wp-json\/wp\/v2\/media\/733228"}],"wp:attachment":[{"href":"https:\/\/shop.kustom.ch\/fr\/wp-json\/wp\/v2\/media?parent=733186"}],"wp:term":[{"taxonomy":"product_brand","embeddable":true,"href":"https:\/\/shop.kustom.ch\/fr\/wp-json\/wp\/v2\/product_brand?post=733186"},{"taxonomy":"product_cat","embeddable":true,"href":"https:\/\/shop.kustom.ch\/fr\/wp-json\/wp\/v2\/product_cat?post=733186"},{"taxonomy":"product_tag","embeddable":true,"href":"https:\/\/shop.kustom.ch\/fr\/wp-json\/wp\/v2\/product_tag?post=733186"}],"curies":[{"name":"wp","href":"https:\/\/api.w.org\/{rel}","templated":true}]}}