{"id":733056,"date":"2026-04-01T21:05:25","date_gmt":"2026-04-01T20:05:25","guid":{"rendered":"https:\/\/shop.kustom.ch\/?post_type=product&#038;p=733056"},"modified":"2026-04-01T21:07:13","modified_gmt":"2026-04-01T20:07:13","slug":"rosie-damen-wintermantel","status":"publish","type":"product","link":"https:\/\/shop.kustom.ch\/fr\/produit\/rosie-damen-wintermantel\/","title":{"rendered":"Rosie Manteau d'hiver pour femme"},"content":{"rendered":"<p>Rosie . Le nouveau manteau d'hiver au joli motif \u00e0 chevrons avec capuche d\u00e9tachable et deux poches ext\u00e9rieures est 100% r\u00e9sistant aux intemp\u00e9ries, respirant et donc le compagnon id\u00e9al pour les jours d'hiver froids et humides.<\/p>","protected":false},"excerpt":{"rendered":"<p>Rosie . Le nouveau manteau d'hiver au joli motif \u00e0 chevrons avec capuche d\u00e9tachable et deux poches ext\u00e9rieures est 100% r\u00e9sistant aux intemp\u00e9ries, respirant et donc le compagnon id\u00e9al pour les jours d'hiver froids et humides.<\/p>","protected":false},"featured_media":733112,"template":"","meta":[],"product_brand":[],"product_cat":[4186],"product_tag":[],"class_list":{"0":"post-733056","1":"product","2":"type-product","3":"status-publish","4":"has-post-thumbnail","6":"product_cat-jacken","7":"pa_brand-rukka","8":"pa_brand-type-workwear","9":"pa_filter-color-blau","10":"pa_filter-color-gruen","11":"pa_filter-color-orange","12":"pa_filter-color-pink","14":"first","15":"instock","16":"taxable","17":"shipping-taxable","18":"purchasable","19":"product-type-variable","20":"add-to-wishlist-before_image"},"exclude_global_add_ons":[],"addons":[],"acf":[],"_links":{"self":[{"href":"https:\/\/shop.kustom.ch\/fr\/wp-json\/wp\/v2\/product\/733056"}],"collection":[{"href":"https:\/\/shop.kustom.ch\/fr\/wp-json\/wp\/v2\/product"}],"about":[{"href":"https:\/\/shop.kustom.ch\/fr\/wp-json\/wp\/v2\/types\/product"}],"wp:featuredmedia":[{"embeddable":true,"href":"https:\/\/shop.kustom.ch\/fr\/wp-json\/wp\/v2\/media\/733112"}],"wp:attachment":[{"href":"https:\/\/shop.kustom.ch\/fr\/wp-json\/wp\/v2\/media?parent=733056"}],"wp:term":[{"taxonomy":"product_brand","embeddable":true,"href":"https:\/\/shop.kustom.ch\/fr\/wp-json\/wp\/v2\/product_brand?post=733056"},{"taxonomy":"product_cat","embeddable":true,"href":"https:\/\/shop.kustom.ch\/fr\/wp-json\/wp\/v2\/product_cat?post=733056"},{"taxonomy":"product_tag","embeddable":true,"href":"https:\/\/shop.kustom.ch\/fr\/wp-json\/wp\/v2\/product_tag?post=733056"}],"curies":[{"name":"wp","href":"https:\/\/api.w.org\/{rel}","templated":true}]}}