{"id":732991,"date":"2026-04-01T21:04:30","date_gmt":"2026-04-01T20:04:30","guid":{"rendered":"https:\/\/shop.kustom.ch\/?post_type=product&#038;p=732991"},"modified":"2026-04-01T21:05:49","modified_gmt":"2026-04-01T20:05:49","slug":"della-damen-regenhose","status":"publish","type":"product","link":"https:\/\/shop.kustom.ch\/fr\/produit\/della-damen-regenhose\/","title":{"rendered":"Pantalon de pluie Della pour femmes"},"content":{"rendered":"<p>Della . Le nouveau pantalon de pluie en tissu l\u00e9ger \u00e0 2,5 couches n'est pas seulement extr\u00eamement l\u00e9ger, il dispose aussi d'une fermeture \u00e9clair lat\u00e9rale qui arrive jusqu'au genou et permet ainsi un enfilage rapide. Parfait lorsque la pluie arrive par surprise et qu'il faut aller vite.<\/p>","protected":false},"excerpt":{"rendered":"<p>Della . Le nouveau pantalon de pluie en tissu l\u00e9ger \u00e0 2,5 couches n'est pas seulement extr\u00eamement l\u00e9ger, il dispose aussi d'une fermeture \u00e9clair lat\u00e9rale qui arrive jusqu'au genou et permet ainsi un enfilage rapide. Parfait lorsque la pluie arrive par surprise et qu'il faut aller vite.<\/p>","protected":false},"featured_media":733045,"template":"","meta":[],"product_brand":[],"product_cat":[4185],"product_tag":[],"class_list":{"0":"post-732991","1":"product","2":"type-product","3":"status-publish","4":"has-post-thumbnail","6":"product_cat-hosen","7":"pa_brand-rukka","8":"pa_brand-type-workwear","9":"pa_filter-color-blau","10":"pa_filter-color-schwarz","12":"first","13":"instock","14":"taxable","15":"shipping-taxable","16":"purchasable","17":"product-type-variable","18":"add-to-wishlist-before_image"},"exclude_global_add_ons":[],"addons":[],"acf":[],"_links":{"self":[{"href":"https:\/\/shop.kustom.ch\/fr\/wp-json\/wp\/v2\/product\/732991"}],"collection":[{"href":"https:\/\/shop.kustom.ch\/fr\/wp-json\/wp\/v2\/product"}],"about":[{"href":"https:\/\/shop.kustom.ch\/fr\/wp-json\/wp\/v2\/types\/product"}],"wp:featuredmedia":[{"embeddable":true,"href":"https:\/\/shop.kustom.ch\/fr\/wp-json\/wp\/v2\/media\/733045"}],"wp:attachment":[{"href":"https:\/\/shop.kustom.ch\/fr\/wp-json\/wp\/v2\/media?parent=732991"}],"wp:term":[{"taxonomy":"product_brand","embeddable":true,"href":"https:\/\/shop.kustom.ch\/fr\/wp-json\/wp\/v2\/product_brand?post=732991"},{"taxonomy":"product_cat","embeddable":true,"href":"https:\/\/shop.kustom.ch\/fr\/wp-json\/wp\/v2\/product_cat?post=732991"},{"taxonomy":"product_tag","embeddable":true,"href":"https:\/\/shop.kustom.ch\/fr\/wp-json\/wp\/v2\/product_tag?post=732991"}],"curies":[{"name":"wp","href":"https:\/\/api.w.org\/{rel}","templated":true}]}}