{"id":732928,"date":"2026-04-01T21:03:36","date_gmt":"2026-04-01T20:03:36","guid":{"rendered":"https:\/\/shop.kustom.ch\/?post_type=product&#038;p=732928"},"modified":"2026-04-01T21:05:19","modified_gmt":"2026-04-01T20:05:19","slug":"giselle-3-lagen-regenmantel","status":"publish","type":"product","link":"https:\/\/shop.kustom.ch\/fr\/produit\/giselle-3-lagen-regenmantel\/","title":{"rendered":"Giselle Imperm\u00e9able 3 couches"},"content":{"rendered":"<p>Giselle . Cet imperm\u00e9able chic en mat\u00e9riau robuste \u00e0 3 couches impressionne avec une colonne d'eau impressionnante de 20\u2019000 mm et te conf\u00e8re non seulement une excellente protection contre la pluie, mais aussi une magnifique coupe.<\/p>","protected":false},"excerpt":{"rendered":"<p>Giselle . Cet imperm\u00e9able chic en mat\u00e9riau robuste \u00e0 3 couches impressionne avec une colonne d'eau impressionnante de 20\u2019000 mm et te conf\u00e8re non seulement une excellente protection contre la pluie, mais aussi une magnifique coupe.<\/p>","protected":false},"featured_media":732990,"template":"","meta":[],"product_brand":[],"product_cat":[4186],"product_tag":[],"class_list":{"0":"post-732928","1":"product","2":"type-product","3":"status-publish","4":"has-post-thumbnail","6":"product_cat-jacken","7":"pa_brand-rukka","8":"pa_brand-type-workwear","9":"pa_filter-color-blau","10":"pa_filter-color-grau","11":"pa_filter-color-gruen","12":"pa_filter-color-schwarz","14":"first","15":"instock","16":"taxable","17":"shipping-taxable","18":"purchasable","19":"product-type-variable","20":"add-to-wishlist-before_image"},"exclude_global_add_ons":[],"addons":[],"acf":[],"_links":{"self":[{"href":"https:\/\/shop.kustom.ch\/fr\/wp-json\/wp\/v2\/product\/732928"}],"collection":[{"href":"https:\/\/shop.kustom.ch\/fr\/wp-json\/wp\/v2\/product"}],"about":[{"href":"https:\/\/shop.kustom.ch\/fr\/wp-json\/wp\/v2\/types\/product"}],"wp:featuredmedia":[{"embeddable":true,"href":"https:\/\/shop.kustom.ch\/fr\/wp-json\/wp\/v2\/media\/732990"}],"wp:attachment":[{"href":"https:\/\/shop.kustom.ch\/fr\/wp-json\/wp\/v2\/media?parent=732928"}],"wp:term":[{"taxonomy":"product_brand","embeddable":true,"href":"https:\/\/shop.kustom.ch\/fr\/wp-json\/wp\/v2\/product_brand?post=732928"},{"taxonomy":"product_cat","embeddable":true,"href":"https:\/\/shop.kustom.ch\/fr\/wp-json\/wp\/v2\/product_cat?post=732928"},{"taxonomy":"product_tag","embeddable":true,"href":"https:\/\/shop.kustom.ch\/fr\/wp-json\/wp\/v2\/product_tag?post=732928"}],"curies":[{"name":"wp","href":"https:\/\/api.w.org\/{rel}","templated":true}]}}