{"id":732844,"date":"2026-04-01T21:02:18","date_gmt":"2026-04-01T20:02:18","guid":{"rendered":"https:\/\/shop.kustom.ch\/?post_type=product&#038;p=732844"},"modified":"2026-04-01T21:04:26","modified_gmt":"2026-04-01T20:04:26","slug":"vera-damen-regenjacke","status":"publish","type":"product","link":"https:\/\/shop.kustom.ch\/fr\/produit\/vera-damen-regenjacke\/","title":{"rendered":"Veste de pluie pour femme Vera"},"content":{"rendered":"<p>Vera . Est le d\u00e9veloppement tendance de Vally. Cette veste de pluie en PU super l\u00e9g\u00e8re te prot\u00e8ge de mani\u00e8re optimale contre le vent et les intemp\u00e9ries, se range de mani\u00e8re peu encombrante et est facile \u00e0 entretenir. Avec Vera, tu es \u00e9quip\u00e9 pour toutes les conditions m\u00e9t\u00e9orologiques et tu as toujours bonne mine.<\/p>","protected":false},"excerpt":{"rendered":"<p>Vera . Est le d\u00e9veloppement tendance de Vally. Cette veste de pluie en PU super l\u00e9g\u00e8re te prot\u00e8ge de mani\u00e8re optimale contre le vent et les intemp\u00e9ries, se range de mani\u00e8re peu encombrante et est facile \u00e0 entretenir. Avec Vera, tu es \u00e9quip\u00e9 pour toutes les conditions m\u00e9t\u00e9orologiques et tu as toujours bonne mine.<\/p>","protected":false},"featured_media":732908,"template":"","meta":[],"product_brand":[],"product_cat":[4186],"product_tag":[],"class_list":{"0":"post-732844","1":"product","2":"type-product","3":"status-publish","4":"has-post-thumbnail","6":"product_cat-jacken","7":"pa_brand-rukka","8":"pa_brand-type-workwear","9":"pa_filter-color-beige","10":"pa_filter-color-blau","11":"pa_filter-color-gelb","12":"pa_filter-color-gruen","13":"pa_filter-color-violet","15":"first","16":"instock","17":"taxable","18":"shipping-taxable","19":"purchasable","20":"product-type-variable","21":"add-to-wishlist-before_image"},"exclude_global_add_ons":[],"addons":[],"acf":[],"_links":{"self":[{"href":"https:\/\/shop.kustom.ch\/fr\/wp-json\/wp\/v2\/product\/732844"}],"collection":[{"href":"https:\/\/shop.kustom.ch\/fr\/wp-json\/wp\/v2\/product"}],"about":[{"href":"https:\/\/shop.kustom.ch\/fr\/wp-json\/wp\/v2\/types\/product"}],"wp:featuredmedia":[{"embeddable":true,"href":"https:\/\/shop.kustom.ch\/fr\/wp-json\/wp\/v2\/media\/732908"}],"wp:attachment":[{"href":"https:\/\/shop.kustom.ch\/fr\/wp-json\/wp\/v2\/media?parent=732844"}],"wp:term":[{"taxonomy":"product_brand","embeddable":true,"href":"https:\/\/shop.kustom.ch\/fr\/wp-json\/wp\/v2\/product_brand?post=732844"},{"taxonomy":"product_cat","embeddable":true,"href":"https:\/\/shop.kustom.ch\/fr\/wp-json\/wp\/v2\/product_cat?post=732844"},{"taxonomy":"product_tag","embeddable":true,"href":"https:\/\/shop.kustom.ch\/fr\/wp-json\/wp\/v2\/product_tag?post=732844"}],"curies":[{"name":"wp","href":"https:\/\/api.w.org\/{rel}","templated":true}]}}