{"id":732605,"date":"2026-04-01T20:59:04","date_gmt":"2026-04-01T19:59:04","guid":{"rendered":"https:\/\/shop.kustom.ch\/?post_type=product&#038;p=732605"},"modified":"2026-04-01T21:00:43","modified_gmt":"2026-04-01T20:00:43","slug":"letti-damen-regenmantel","status":"publish","type":"product","link":"https:\/\/shop.kustom.ch\/fr\/produit\/letti-damen-regenmantel\/","title":{"rendered":"Letti Imperm\u00e9able pour femmes"},"content":{"rendered":"<p>Letti . Ce manteau s\u00e9duit non seulement par son design attrayant, mais aussi par sa coupe confortable et ses d\u00e9tails soigneusement choisis, qui en font un compagnon parfait pour le quotidien, afin que tu sois parfaitement prot\u00e9g\u00e9 par temps froid et humide.<\/p>","protected":false},"excerpt":{"rendered":"<p>Letti . Ce manteau s\u00e9duit non seulement par son design attrayant, mais aussi par sa coupe confortable et ses d\u00e9tails soigneusement choisis, qui en font un compagnon parfait pour le quotidien, afin que tu sois parfaitement prot\u00e9g\u00e9 par temps froid et humide.<\/p>","protected":false},"featured_media":732664,"template":"","meta":[],"product_brand":[],"product_cat":[4186],"product_tag":[],"class_list":{"0":"post-732605","1":"product","2":"type-product","3":"status-publish","4":"has-post-thumbnail","6":"product_cat-jacken","7":"pa_brand-rukka","8":"pa_brand-type-workwear","9":"pa_filter-color-beige","10":"pa_filter-color-blau","11":"pa_filter-color-gelb","12":"pa_filter-color-gruen","13":"pa_filter-color-rot","14":"pa_filter-color-schwarz","16":"first","17":"instock","18":"taxable","19":"shipping-taxable","20":"purchasable","21":"product-type-variable","22":"add-to-wishlist-before_image"},"exclude_global_add_ons":[],"addons":[],"acf":[],"_links":{"self":[{"href":"https:\/\/shop.kustom.ch\/fr\/wp-json\/wp\/v2\/product\/732605"}],"collection":[{"href":"https:\/\/shop.kustom.ch\/fr\/wp-json\/wp\/v2\/product"}],"about":[{"href":"https:\/\/shop.kustom.ch\/fr\/wp-json\/wp\/v2\/types\/product"}],"wp:featuredmedia":[{"embeddable":true,"href":"https:\/\/shop.kustom.ch\/fr\/wp-json\/wp\/v2\/media\/732664"}],"wp:attachment":[{"href":"https:\/\/shop.kustom.ch\/fr\/wp-json\/wp\/v2\/media?parent=732605"}],"wp:term":[{"taxonomy":"product_brand","embeddable":true,"href":"https:\/\/shop.kustom.ch\/fr\/wp-json\/wp\/v2\/product_brand?post=732605"},{"taxonomy":"product_cat","embeddable":true,"href":"https:\/\/shop.kustom.ch\/fr\/wp-json\/wp\/v2\/product_cat?post=732605"},{"taxonomy":"product_tag","embeddable":true,"href":"https:\/\/shop.kustom.ch\/fr\/wp-json\/wp\/v2\/product_tag?post=732605"}],"curies":[{"name":"wp","href":"https:\/\/api.w.org\/{rel}","templated":true}]}}