{"id":732549,"date":"2026-04-01T20:58:08","date_gmt":"2026-04-01T19:58:08","guid":{"rendered":"https:\/\/shop.kustom.ch\/?post_type=product&#038;p=732549"},"modified":"2026-04-01T20:59:48","modified_gmt":"2026-04-01T19:59:48","slug":"isla-damen-regenmantel","status":"publish","type":"product","link":"https:\/\/shop.kustom.ch\/fr\/produit\/isla-damen-regenmantel\/","title":{"rendered":"Isla Imperm\u00e9able pour femme"},"content":{"rendered":"<p>Isla . Cet imperm\u00e9able \u00e9l\u00e9gant et sobre est le compagnon id\u00e9al de tous les jours. Le tissu ext\u00e9rieur robuste, la coupe d\u00e9contract\u00e9e et la jolie doublure int\u00e9rieure font d'Isla un v\u00e9ritable coup de c\u0153ur.<\/p>","protected":false},"excerpt":{"rendered":"<p>Isla . Cet imperm\u00e9able \u00e9l\u00e9gant et sobre est le compagnon id\u00e9al de tous les jours. Le tissu ext\u00e9rieur robuste, la coupe d\u00e9contract\u00e9e et la jolie doublure int\u00e9rieure font d'Isla un v\u00e9ritable coup de c\u0153ur.<\/p>","protected":false},"featured_media":732604,"template":"","meta":[],"product_brand":[],"product_cat":[4186],"product_tag":[],"class_list":{"0":"post-732549","1":"product","2":"type-product","3":"status-publish","4":"has-post-thumbnail","6":"product_cat-jacken","7":"pa_brand-rukka","8":"pa_brand-type-workwear","9":"pa_filter-color-beige","10":"pa_filter-color-blau","11":"pa_filter-color-braun","12":"pa_filter-color-gruen","13":"pa_filter-color-rot","15":"first","16":"instock","17":"taxable","18":"shipping-taxable","19":"purchasable","20":"product-type-variable","21":"add-to-wishlist-before_image"},"exclude_global_add_ons":[],"addons":[],"acf":[],"_links":{"self":[{"href":"https:\/\/shop.kustom.ch\/fr\/wp-json\/wp\/v2\/product\/732549"}],"collection":[{"href":"https:\/\/shop.kustom.ch\/fr\/wp-json\/wp\/v2\/product"}],"about":[{"href":"https:\/\/shop.kustom.ch\/fr\/wp-json\/wp\/v2\/types\/product"}],"wp:featuredmedia":[{"embeddable":true,"href":"https:\/\/shop.kustom.ch\/fr\/wp-json\/wp\/v2\/media\/732604"}],"wp:attachment":[{"href":"https:\/\/shop.kustom.ch\/fr\/wp-json\/wp\/v2\/media?parent=732549"}],"wp:term":[{"taxonomy":"product_brand","embeddable":true,"href":"https:\/\/shop.kustom.ch\/fr\/wp-json\/wp\/v2\/product_brand?post=732549"},{"taxonomy":"product_cat","embeddable":true,"href":"https:\/\/shop.kustom.ch\/fr\/wp-json\/wp\/v2\/product_cat?post=732549"},{"taxonomy":"product_tag","embeddable":true,"href":"https:\/\/shop.kustom.ch\/fr\/wp-json\/wp\/v2\/product_tag?post=732549"}],"curies":[{"name":"wp","href":"https:\/\/api.w.org\/{rel}","templated":true}]}}