{"id":732431,"date":"2026-04-01T20:56:25","date_gmt":"2026-04-01T19:56:25","guid":{"rendered":"https:\/\/shop.kustom.ch\/?post_type=product&#038;p=732431"},"modified":"2026-04-01T20:57:43","modified_gmt":"2026-04-01T19:57:43","slug":"rexa-parka-damen","status":"publish","type":"product","link":"https:\/\/shop.kustom.ch\/fr\/produit\/rexa-parka-damen\/","title":{"rendered":"Parka Rexa femme"},"content":{"rendered":"<p>Rexa, le chien de compagnie. Con\u00e7ue par des propri\u00e9taires de chiens pour des propri\u00e9taires de chiens. Avec une colonne d'eau de 2 x 15\u2019000 mm, cette veste reste toujours s\u00e8che, m\u00eame lors d'utilisations prolong\u00e9es sous une pluie incessante. Passepoils r\u00e9fl\u00e9chissants, porte-pipe, goodiebag d\u00e9tachable. Comprend une poche arri\u00e8re pour les mannequins ou les longues laisses, une poche int\u00e9rieure pour les sacs \u00e0 crottes et une veste int\u00e9rieure d\u00e9tachable.<\/p>","protected":false},"excerpt":{"rendered":"<p>Rexa, le chien de compagnie. Con\u00e7ue par des propri\u00e9taires de chiens pour des propri\u00e9taires de chiens. Avec une colonne d'eau de 2 x 15\u2019000 mm, cette veste reste toujours s\u00e8che, m\u00eame lors d'utilisations prolong\u00e9es sous une pluie incessante. Passepoils r\u00e9fl\u00e9chissants, porte-pipe, goodiebag d\u00e9tachable. Comprend une poche arri\u00e8re pour les mannequins ou les longues laisses, une poche int\u00e9rieure pour les sacs \u00e0 crottes et une veste int\u00e9rieure d\u00e9tachable.<\/p>","protected":false},"featured_media":732496,"template":"","meta":[],"product_brand":[],"product_cat":[4186],"product_tag":[],"class_list":{"0":"post-732431","1":"product","2":"type-product","3":"status-publish","4":"has-post-thumbnail","6":"product_cat-jacken","7":"pa_brand-rukka","8":"pa_brand-type-workwear","9":"pa_filter-color-grau","10":"pa_filter-color-gruen","12":"first","13":"instock","14":"taxable","15":"shipping-taxable","16":"purchasable","17":"product-type-variable","18":"add-to-wishlist-before_image"},"exclude_global_add_ons":[],"addons":[],"acf":[],"_links":{"self":[{"href":"https:\/\/shop.kustom.ch\/fr\/wp-json\/wp\/v2\/product\/732431"}],"collection":[{"href":"https:\/\/shop.kustom.ch\/fr\/wp-json\/wp\/v2\/product"}],"about":[{"href":"https:\/\/shop.kustom.ch\/fr\/wp-json\/wp\/v2\/types\/product"}],"wp:featuredmedia":[{"embeddable":true,"href":"https:\/\/shop.kustom.ch\/fr\/wp-json\/wp\/v2\/media\/732496"}],"wp:attachment":[{"href":"https:\/\/shop.kustom.ch\/fr\/wp-json\/wp\/v2\/media?parent=732431"}],"wp:term":[{"taxonomy":"product_brand","embeddable":true,"href":"https:\/\/shop.kustom.ch\/fr\/wp-json\/wp\/v2\/product_brand?post=732431"},{"taxonomy":"product_cat","embeddable":true,"href":"https:\/\/shop.kustom.ch\/fr\/wp-json\/wp\/v2\/product_cat?post=732431"},{"taxonomy":"product_tag","embeddable":true,"href":"https:\/\/shop.kustom.ch\/fr\/wp-json\/wp\/v2\/product_tag?post=732431"}],"curies":[{"name":"wp","href":"https:\/\/api.w.org\/{rel}","templated":true}]}}