{"id":732409,"date":"2026-04-01T20:55:58","date_gmt":"2026-04-01T19:55:58","guid":{"rendered":"https:\/\/shop.kustom.ch\/?post_type=product&#038;p=732409"},"modified":"2026-04-01T20:57:40","modified_gmt":"2026-04-01T19:57:40","slug":"annie-damen-midlayer-waffel","status":"publish","type":"product","link":"https:\/\/shop.kustom.ch\/fr\/produit\/annie-damen-midlayer-waffel\/","title":{"rendered":"Annie Midlayer Femmes Gaufre"},"content":{"rendered":"<p>Annie . Cette polaire gaufr\u00e9e l\u00e9g\u00e8re est polyvalente et convient aussi bien comme couche interm\u00e9diaire sous les vestes de ski et comme protection contre les intemp\u00e9ries que comme polaire l\u00e9g\u00e8re pour les temp\u00e9ratures douces.<\/p>","protected":false},"excerpt":{"rendered":"<p>Annie . Cette polaire gaufr\u00e9e l\u00e9g\u00e8re est polyvalente et convient aussi bien comme couche interm\u00e9diaire sous les vestes de ski et comme protection contre les intemp\u00e9ries que comme polaire l\u00e9g\u00e8re pour les temp\u00e9ratures douces.<\/p>","protected":false},"featured_media":732469,"template":"","meta":[],"product_brand":[],"product_cat":[4186],"product_tag":[],"class_list":{"0":"post-732409","1":"product","2":"type-product","3":"status-publish","4":"has-post-thumbnail","6":"product_cat-jacken","7":"pa_brand-rukka","8":"pa_brand-type-workwear","9":"pa_filter-color-blau","10":"pa_filter-color-schwarz","11":"pa_filter-color-violet","13":"first","14":"instock","15":"taxable","16":"shipping-taxable","17":"purchasable","18":"product-type-variable","19":"add-to-wishlist-before_image"},"exclude_global_add_ons":[],"addons":[],"acf":[],"_links":{"self":[{"href":"https:\/\/shop.kustom.ch\/fr\/wp-json\/wp\/v2\/product\/732409"}],"collection":[{"href":"https:\/\/shop.kustom.ch\/fr\/wp-json\/wp\/v2\/product"}],"about":[{"href":"https:\/\/shop.kustom.ch\/fr\/wp-json\/wp\/v2\/types\/product"}],"wp:featuredmedia":[{"embeddable":true,"href":"https:\/\/shop.kustom.ch\/fr\/wp-json\/wp\/v2\/media\/732469"}],"wp:attachment":[{"href":"https:\/\/shop.kustom.ch\/fr\/wp-json\/wp\/v2\/media?parent=732409"}],"wp:term":[{"taxonomy":"product_brand","embeddable":true,"href":"https:\/\/shop.kustom.ch\/fr\/wp-json\/wp\/v2\/product_brand?post=732409"},{"taxonomy":"product_cat","embeddable":true,"href":"https:\/\/shop.kustom.ch\/fr\/wp-json\/wp\/v2\/product_cat?post=732409"},{"taxonomy":"product_tag","embeddable":true,"href":"https:\/\/shop.kustom.ch\/fr\/wp-json\/wp\/v2\/product_tag?post=732409"}],"curies":[{"name":"wp","href":"https:\/\/api.w.org\/{rel}","templated":true}]}}