{"id":732359,"date":"2026-04-01T20:55:06","date_gmt":"2026-04-01T19:55:06","guid":{"rendered":"https:\/\/shop.kustom.ch\/?post_type=product&#038;p=732359"},"modified":"2026-04-01T20:57:09","modified_gmt":"2026-04-01T19:57:09","slug":"amelia-3-lagen-damenhose","status":"publish","type":"product","link":"https:\/\/shop.kustom.ch\/fr\/produit\/amelia-3-lagen-damenhose\/","title":{"rendered":"Pantalon 3 couches Amelia pour femmes"},"content":{"rendered":"<p>Amelia . Ce pantalon 3 couches pour femmes est le parfait allround talent : en hiver avec un v\u00eatement thermique adapt\u00e9 et \u00e9ventuellement un pantalon matelass\u00e9, en \u00e9t\u00e9 comme pantalon de pluie. Avec une colonne d'eau \u00e9lev\u00e9e de 20.000 mm, il offre une protection fiable par tous les temps.<\/p>","protected":false},"excerpt":{"rendered":"<p>Amelia . Ce pantalon 3 couches pour femmes est le parfait allround talent : en hiver avec un v\u00eatement thermique adapt\u00e9 et \u00e9ventuellement un pantalon matelass\u00e9, en \u00e9t\u00e9 comme pantalon de pluie. Avec une colonne d'eau \u00e9lev\u00e9e de 20.000 mm, il offre une protection fiable par tous les temps.<\/p>","protected":false},"featured_media":732424,"template":"","meta":[],"product_brand":[],"product_cat":[4185],"product_tag":[],"class_list":{"0":"post-732359","1":"product","2":"type-product","3":"status-publish","4":"has-post-thumbnail","6":"product_cat-hosen","7":"pa_brand-rukka","8":"pa_brand-type-workwear","9":"pa_filter-color-blau","10":"pa_filter-color-grau","11":"pa_filter-color-gruen","12":"pa_filter-color-schwarz","13":"pa_filter-color-violet","15":"first","16":"instock","17":"taxable","18":"shipping-taxable","19":"purchasable","20":"product-type-variable","21":"add-to-wishlist-before_image"},"exclude_global_add_ons":[],"addons":[],"acf":[],"_links":{"self":[{"href":"https:\/\/shop.kustom.ch\/fr\/wp-json\/wp\/v2\/product\/732359"}],"collection":[{"href":"https:\/\/shop.kustom.ch\/fr\/wp-json\/wp\/v2\/product"}],"about":[{"href":"https:\/\/shop.kustom.ch\/fr\/wp-json\/wp\/v2\/types\/product"}],"wp:featuredmedia":[{"embeddable":true,"href":"https:\/\/shop.kustom.ch\/fr\/wp-json\/wp\/v2\/media\/732424"}],"wp:attachment":[{"href":"https:\/\/shop.kustom.ch\/fr\/wp-json\/wp\/v2\/media?parent=732359"}],"wp:term":[{"taxonomy":"product_brand","embeddable":true,"href":"https:\/\/shop.kustom.ch\/fr\/wp-json\/wp\/v2\/product_brand?post=732359"},{"taxonomy":"product_cat","embeddable":true,"href":"https:\/\/shop.kustom.ch\/fr\/wp-json\/wp\/v2\/product_cat?post=732359"},{"taxonomy":"product_tag","embeddable":true,"href":"https:\/\/shop.kustom.ch\/fr\/wp-json\/wp\/v2\/product_tag?post=732359"}],"curies":[{"name":"wp","href":"https:\/\/api.w.org\/{rel}","templated":true}]}}