{"id":732335,"date":"2026-04-01T20:54:41","date_gmt":"2026-04-01T19:54:41","guid":{"rendered":"https:\/\/shop.kustom.ch\/?post_type=product&#038;p=732335"},"modified":"2026-04-01T20:56:19","modified_gmt":"2026-04-01T19:56:19","slug":"hazel-3-lagen-damenjacke","status":"publish","type":"product","link":"https:\/\/shop.kustom.ch\/fr\/produit\/hazel-3-lagen-damenjacke\/","title":{"rendered":"Veste 3 couches Hazel pour femmes"},"content":{"rendered":"<p>La veste Hazel. Cette veste 3 couches pour femmes avec une colonne d'eau \u00e9lev\u00e9e de 20 000 mm offre une protection fiable contre les intemp\u00e9ries tout au long de l'ann\u00e9e. En hiver, elle est parfaite pour les pistes gr\u00e2ce \u00e0 sa jupe pare-neige et sa poche ticket, tandis qu'en \u00e9t\u00e9, tu peux retirer la jupe pare-neige et profiter de la nature.<\/p>","protected":false},"excerpt":{"rendered":"<p>La veste Hazel. Cette veste 3 couches pour femmes avec une colonne d'eau \u00e9lev\u00e9e de 20 000 mm offre une protection fiable contre les intemp\u00e9ries tout au long de l'ann\u00e9e. En hiver, elle est parfaite pour les pistes gr\u00e2ce \u00e0 sa jupe pare-neige et sa poche ticket, tandis qu'en \u00e9t\u00e9, tu peux retirer la jupe pare-neige et profiter de la nature.<\/p>","protected":false},"featured_media":732383,"template":"","meta":[],"product_brand":[],"product_cat":[4186],"product_tag":[],"class_list":{"0":"post-732335","1":"product","2":"type-product","3":"status-publish","4":"has-post-thumbnail","6":"product_cat-jacken","7":"pa_brand-rukka","8":"pa_brand-type-workwear","9":"pa_filter-color-blau","10":"pa_filter-color-grau","11":"pa_filter-color-gruen","12":"pa_filter-color-violet","14":"first","15":"instock","16":"taxable","17":"shipping-taxable","18":"purchasable","19":"product-type-variable","20":"add-to-wishlist-before_image"},"exclude_global_add_ons":[],"addons":[],"acf":[],"_links":{"self":[{"href":"https:\/\/shop.kustom.ch\/fr\/wp-json\/wp\/v2\/product\/732335"}],"collection":[{"href":"https:\/\/shop.kustom.ch\/fr\/wp-json\/wp\/v2\/product"}],"about":[{"href":"https:\/\/shop.kustom.ch\/fr\/wp-json\/wp\/v2\/types\/product"}],"wp:featuredmedia":[{"embeddable":true,"href":"https:\/\/shop.kustom.ch\/fr\/wp-json\/wp\/v2\/media\/732383"}],"wp:attachment":[{"href":"https:\/\/shop.kustom.ch\/fr\/wp-json\/wp\/v2\/media?parent=732335"}],"wp:term":[{"taxonomy":"product_brand","embeddable":true,"href":"https:\/\/shop.kustom.ch\/fr\/wp-json\/wp\/v2\/product_brand?post=732335"},{"taxonomy":"product_cat","embeddable":true,"href":"https:\/\/shop.kustom.ch\/fr\/wp-json\/wp\/v2\/product_cat?post=732335"},{"taxonomy":"product_tag","embeddable":true,"href":"https:\/\/shop.kustom.ch\/fr\/wp-json\/wp\/v2\/product_tag?post=732335"}],"curies":[{"name":"wp","href":"https:\/\/api.w.org\/{rel}","templated":true}]}}