{"id":732305,"date":"2026-04-01T20:54:18","date_gmt":"2026-04-01T19:54:18","guid":{"rendered":"https:\/\/shop.kustom.ch\/?post_type=product&#038;p=732305"},"modified":"2026-04-01T20:55:31","modified_gmt":"2026-04-01T19:55:31","slug":"leni-damen-soft-shell","status":"publish","type":"product","link":"https:\/\/shop.kustom.ch\/fr\/produit\/leni-damen-soft-shell\/","title":{"rendered":"Leni Soft Shell pour femmes"},"content":{"rendered":"<p>Leni . Ce pantalon d'hiver est le compagnon id\u00e9al pour tous ceux qui veulent profiter pleinement de l'hiver. Avec sa coupe slim et sa l\u00e9g\u00e8re jupe pare-neige, il offre un confort maximal et te prot\u00e8ge efficacement du froid et de l'humidit\u00e9.<\/p>","protected":false},"excerpt":{"rendered":"<p>Leni . Ce pantalon d'hiver est le compagnon id\u00e9al pour tous ceux qui veulent profiter pleinement de l'hiver. Avec sa coupe slim et sa l\u00e9g\u00e8re jupe pare-neige, il offre un confort maximal et te prot\u00e8ge efficacement du froid et de l'humidit\u00e9.<\/p>","protected":false},"featured_media":732358,"template":"","meta":[],"product_brand":[],"product_cat":[4185],"product_tag":[],"class_list":{"0":"post-732305","1":"product","2":"type-product","3":"status-publish","4":"has-post-thumbnail","6":"product_cat-hosen","7":"pa_brand-rukka","8":"pa_brand-type-workwear","9":"pa_filter-color-grau","10":"pa_filter-color-schwarz","11":"pa_filter-color-weiss","13":"first","14":"instock","15":"taxable","16":"shipping-taxable","17":"purchasable","18":"product-type-variable","19":"add-to-wishlist-before_image"},"exclude_global_add_ons":[],"addons":[],"acf":[],"_links":{"self":[{"href":"https:\/\/shop.kustom.ch\/fr\/wp-json\/wp\/v2\/product\/732305"}],"collection":[{"href":"https:\/\/shop.kustom.ch\/fr\/wp-json\/wp\/v2\/product"}],"about":[{"href":"https:\/\/shop.kustom.ch\/fr\/wp-json\/wp\/v2\/types\/product"}],"wp:featuredmedia":[{"embeddable":true,"href":"https:\/\/shop.kustom.ch\/fr\/wp-json\/wp\/v2\/media\/732358"}],"wp:attachment":[{"href":"https:\/\/shop.kustom.ch\/fr\/wp-json\/wp\/v2\/media?parent=732305"}],"wp:term":[{"taxonomy":"product_brand","embeddable":true,"href":"https:\/\/shop.kustom.ch\/fr\/wp-json\/wp\/v2\/product_brand?post=732305"},{"taxonomy":"product_cat","embeddable":true,"href":"https:\/\/shop.kustom.ch\/fr\/wp-json\/wp\/v2\/product_cat?post=732305"},{"taxonomy":"product_tag","embeddable":true,"href":"https:\/\/shop.kustom.ch\/fr\/wp-json\/wp\/v2\/product_tag?post=732305"}],"curies":[{"name":"wp","href":"https:\/\/api.w.org\/{rel}","templated":true}]}}