{"id":732229,"date":"2026-04-01T20:53:06","date_gmt":"2026-04-01T19:53:06","guid":{"rendered":"https:\/\/shop.kustom.ch\/?post_type=product&#038;p=732229"},"modified":"2026-04-01T20:55:01","modified_gmt":"2026-04-01T19:55:01","slug":"polly-damen-skihose","status":"publish","type":"product","link":"https:\/\/shop.kustom.ch\/fr\/produit\/polly-damen-skihose\/","title":{"rendered":"Pantalon de ski Polly pour femmes"},"content":{"rendered":"<p>Polly . Ce nouveau pantalon de ski est un v\u00e9ritable multitalent : non seulement il a un look fantastique, mais il est aussi extr\u00eamement fonctionnel. Sa coupe optimis\u00e9e et sa fabrication r\u00e9sistante aux intemp\u00e9ries garantissent un confort maximal et te gardent au chaud et au sec m\u00eame dans les conditions les plus difficiles.<\/p>","protected":false},"excerpt":{"rendered":"<p>Polly . Ce nouveau pantalon de ski est un v\u00e9ritable multitalent : non seulement il a un look fantastique, mais il est aussi extr\u00eamement fonctionnel. Sa coupe optimis\u00e9e et sa fabrication r\u00e9sistante aux intemp\u00e9ries garantissent un confort maximal et te gardent au chaud et au sec m\u00eame dans les conditions les plus difficiles.<\/p>","protected":false},"featured_media":732276,"template":"","meta":[],"product_brand":[],"product_cat":[4185],"product_tag":[],"class_list":{"0":"post-732229","1":"product","2":"type-product","3":"status-publish","4":"has-post-thumbnail","6":"product_cat-hosen","7":"pa_brand-rukka","8":"pa_brand-type-workwear","9":"pa_filter-color-beige","10":"pa_filter-color-blau","11":"pa_filter-color-gruen","12":"pa_filter-color-pink","13":"pa_filter-color-schwarz","14":"pa_filter-color-violet","15":"pa_filter-color-weiss","17":"first","18":"instock","19":"taxable","20":"shipping-taxable","21":"purchasable","22":"product-type-variable","23":"add-to-wishlist-before_image"},"exclude_global_add_ons":[],"addons":[],"acf":[],"_links":{"self":[{"href":"https:\/\/shop.kustom.ch\/fr\/wp-json\/wp\/v2\/product\/732229"}],"collection":[{"href":"https:\/\/shop.kustom.ch\/fr\/wp-json\/wp\/v2\/product"}],"about":[{"href":"https:\/\/shop.kustom.ch\/fr\/wp-json\/wp\/v2\/types\/product"}],"wp:featuredmedia":[{"embeddable":true,"href":"https:\/\/shop.kustom.ch\/fr\/wp-json\/wp\/v2\/media\/732276"}],"wp:attachment":[{"href":"https:\/\/shop.kustom.ch\/fr\/wp-json\/wp\/v2\/media?parent=732229"}],"wp:term":[{"taxonomy":"product_brand","embeddable":true,"href":"https:\/\/shop.kustom.ch\/fr\/wp-json\/wp\/v2\/product_brand?post=732229"},{"taxonomy":"product_cat","embeddable":true,"href":"https:\/\/shop.kustom.ch\/fr\/wp-json\/wp\/v2\/product_cat?post=732229"},{"taxonomy":"product_tag","embeddable":true,"href":"https:\/\/shop.kustom.ch\/fr\/wp-json\/wp\/v2\/product_tag?post=732229"}],"curies":[{"name":"wp","href":"https:\/\/api.w.org\/{rel}","templated":true}]}}