{"id":732178,"date":"2026-04-01T20:52:04","date_gmt":"2026-04-01T19:52:04","guid":{"rendered":"https:\/\/shop.kustom.ch\/?post_type=product&#038;p=732178"},"modified":"2026-04-01T20:53:52","modified_gmt":"2026-04-01T19:53:52","slug":"esme-damen-skijacke","status":"publish","type":"product","link":"https:\/\/shop.kustom.ch\/fr\/produit\/esme-damen-skijacke\/","title":{"rendered":"Esme Veste de ski pour femmes"},"content":{"rendered":"<p>Esme. Avec son tissu ext\u00e9rieur \u00e9lastique, ses a\u00e9rations sous les bras et sa finition r\u00e9sistante aux intemp\u00e9ries, cette veste de ski sobre offre non seulement une protection contre le vent et les intemp\u00e9ries, mais elle est aussi toujours tr\u00e8s esth\u00e9tique. Elle dispose en outre d'une jupe pare-neige amovible.<\/p>","protected":false},"excerpt":{"rendered":"<p>Esme. Avec son tissu ext\u00e9rieur \u00e9lastique, ses a\u00e9rations sous les bras et sa finition r\u00e9sistante aux intemp\u00e9ries, cette veste de ski sobre offre non seulement une protection contre le vent et les intemp\u00e9ries, mais elle est aussi toujours tr\u00e8s esth\u00e9tique. Elle dispose en outre d'une jupe pare-neige amovible.<\/p>","protected":false},"featured_media":732236,"template":"","meta":[],"product_brand":[],"product_cat":[4186],"product_tag":[],"class_list":{"0":"post-732178","1":"product","2":"type-product","3":"status-publish","4":"has-post-thumbnail","6":"product_cat-jacken","7":"pa_brand-rukka","8":"pa_brand-type-workwear","9":"pa_filter-color-blau","10":"pa_filter-color-gruen","11":"pa_filter-color-violet","13":"first","14":"instock","15":"taxable","16":"shipping-taxable","17":"purchasable","18":"product-type-variable","19":"add-to-wishlist-before_image"},"exclude_global_add_ons":[],"addons":[],"acf":[],"_links":{"self":[{"href":"https:\/\/shop.kustom.ch\/fr\/wp-json\/wp\/v2\/product\/732178"}],"collection":[{"href":"https:\/\/shop.kustom.ch\/fr\/wp-json\/wp\/v2\/product"}],"about":[{"href":"https:\/\/shop.kustom.ch\/fr\/wp-json\/wp\/v2\/types\/product"}],"wp:featuredmedia":[{"embeddable":true,"href":"https:\/\/shop.kustom.ch\/fr\/wp-json\/wp\/v2\/media\/732236"}],"wp:attachment":[{"href":"https:\/\/shop.kustom.ch\/fr\/wp-json\/wp\/v2\/media?parent=732178"}],"wp:term":[{"taxonomy":"product_brand","embeddable":true,"href":"https:\/\/shop.kustom.ch\/fr\/wp-json\/wp\/v2\/product_brand?post=732178"},{"taxonomy":"product_cat","embeddable":true,"href":"https:\/\/shop.kustom.ch\/fr\/wp-json\/wp\/v2\/product_cat?post=732178"},{"taxonomy":"product_tag","embeddable":true,"href":"https:\/\/shop.kustom.ch\/fr\/wp-json\/wp\/v2\/product_tag?post=732178"}],"curies":[{"name":"wp","href":"https:\/\/api.w.org\/{rel}","templated":true}]}}