{"id":732153,"date":"2026-04-01T20:51:30","date_gmt":"2026-04-01T19:51:30","guid":{"rendered":"https:\/\/shop.kustom.ch\/?post_type=product&#038;p=732153"},"modified":"2026-04-01T20:53:27","modified_gmt":"2026-04-01T19:53:27","slug":"cosma-damen-skijacke","status":"publish","type":"product","link":"https:\/\/shop.kustom.ch\/fr\/produit\/cosma-damen-skijacke\/","title":{"rendered":"Veste de ski pour femme Cosma"},"content":{"rendered":"<p>Cosma . La nouvelle veste de ski allie fonctionnalit\u00e9 et style avec un bel imprim\u00e9 contrast\u00e9 et une membrane r\u00e9sistante aux intemp\u00e9ries qui prot\u00e8ge du vent et des intemp\u00e9ries. Une jupe pare-neige amovible assure une protection suppl\u00e9mentaire sur les pistes et fait du ski un plaisir.<\/p>","protected":false},"excerpt":{"rendered":"<p>Cosma . La nouvelle veste de ski allie fonctionnalit\u00e9 et style avec un bel imprim\u00e9 contrast\u00e9 et une membrane r\u00e9sistante aux intemp\u00e9ries qui prot\u00e8ge du vent et des intemp\u00e9ries. Une jupe pare-neige amovible assure une protection suppl\u00e9mentaire sur les pistes et fait du ski un plaisir.<\/p>","protected":false},"featured_media":732211,"template":"","meta":[],"product_brand":[],"product_cat":[4186],"product_tag":[],"class_list":{"0":"post-732153","1":"product","2":"type-product","3":"status-publish","4":"has-post-thumbnail","6":"product_cat-jacken","7":"pa_brand-rukka","8":"pa_brand-type-workwear","9":"pa_filter-color-beige","10":"pa_filter-color-blau","11":"pa_filter-color-gruen","13":"first","14":"instock","15":"taxable","16":"shipping-taxable","17":"purchasable","18":"product-type-variable","19":"add-to-wishlist-before_image"},"exclude_global_add_ons":[],"addons":[],"acf":[],"_links":{"self":[{"href":"https:\/\/shop.kustom.ch\/fr\/wp-json\/wp\/v2\/product\/732153"}],"collection":[{"href":"https:\/\/shop.kustom.ch\/fr\/wp-json\/wp\/v2\/product"}],"about":[{"href":"https:\/\/shop.kustom.ch\/fr\/wp-json\/wp\/v2\/types\/product"}],"wp:featuredmedia":[{"embeddable":true,"href":"https:\/\/shop.kustom.ch\/fr\/wp-json\/wp\/v2\/media\/732211"}],"wp:attachment":[{"href":"https:\/\/shop.kustom.ch\/fr\/wp-json\/wp\/v2\/media?parent=732153"}],"wp:term":[{"taxonomy":"product_brand","embeddable":true,"href":"https:\/\/shop.kustom.ch\/fr\/wp-json\/wp\/v2\/product_brand?post=732153"},{"taxonomy":"product_cat","embeddable":true,"href":"https:\/\/shop.kustom.ch\/fr\/wp-json\/wp\/v2\/product_cat?post=732153"},{"taxonomy":"product_tag","embeddable":true,"href":"https:\/\/shop.kustom.ch\/fr\/wp-json\/wp\/v2\/product_tag?post=732153"}],"curies":[{"name":"wp","href":"https:\/\/api.w.org\/{rel}","templated":true}]}}