{"id":732152,"date":"2026-04-01T20:51:30","date_gmt":"2026-04-01T19:51:30","guid":{"rendered":"https:\/\/shop.kustom.ch\/?post_type=product&#038;p=732152"},"modified":"2026-04-01T20:52:58","modified_gmt":"2026-04-01T19:52:58","slug":"dayana-damen-winter-hose","status":"publish","type":"product","link":"https:\/\/shop.kustom.ch\/fr\/produit\/dayana-damen-winter-hose\/","title":{"rendered":"Pantalon d'hiver Dayana pour femmes"},"content":{"rendered":"<p>Le pantalon Dayana. Le pantalon est fabriqu\u00e9 dans un mat\u00e9riau agr\u00e9ablement \u00e9lastique et poss\u00e8de une doublure en polaire douce et gratt\u00e9e \u00e0 l'int\u00e9rieur, qui assure une chaleur suppl\u00e9mentaire m\u00eame les jours plus frais.<\/p>","protected":false},"excerpt":{"rendered":"<p>Le pantalon Dayana. Le pantalon est fabriqu\u00e9 dans un mat\u00e9riau agr\u00e9ablement \u00e9lastique et poss\u00e8de une doublure en polaire douce et gratt\u00e9e \u00e0 l'int\u00e9rieur, qui assure une chaleur suppl\u00e9mentaire m\u00eame les jours plus frais.<\/p>","protected":false},"featured_media":732202,"template":"","meta":[],"product_brand":[],"product_cat":[4185],"product_tag":[],"class_list":{"0":"post-732152","1":"product","2":"type-product","3":"status-publish","4":"has-post-thumbnail","6":"product_cat-hosen","7":"pa_brand-rukka","8":"pa_brand-type-workwear","9":"pa_filter-color-schwarz","11":"first","12":"instock","13":"taxable","14":"shipping-taxable","15":"purchasable","16":"product-type-variable","17":"add-to-wishlist-before_image"},"exclude_global_add_ons":[],"addons":[],"acf":[],"_links":{"self":[{"href":"https:\/\/shop.kustom.ch\/fr\/wp-json\/wp\/v2\/product\/732152"}],"collection":[{"href":"https:\/\/shop.kustom.ch\/fr\/wp-json\/wp\/v2\/product"}],"about":[{"href":"https:\/\/shop.kustom.ch\/fr\/wp-json\/wp\/v2\/types\/product"}],"wp:featuredmedia":[{"embeddable":true,"href":"https:\/\/shop.kustom.ch\/fr\/wp-json\/wp\/v2\/media\/732202"}],"wp:attachment":[{"href":"https:\/\/shop.kustom.ch\/fr\/wp-json\/wp\/v2\/media?parent=732152"}],"wp:term":[{"taxonomy":"product_brand","embeddable":true,"href":"https:\/\/shop.kustom.ch\/fr\/wp-json\/wp\/v2\/product_brand?post=732152"},{"taxonomy":"product_cat","embeddable":true,"href":"https:\/\/shop.kustom.ch\/fr\/wp-json\/wp\/v2\/product_cat?post=732152"},{"taxonomy":"product_tag","embeddable":true,"href":"https:\/\/shop.kustom.ch\/fr\/wp-json\/wp\/v2\/product_tag?post=732152"}],"curies":[{"name":"wp","href":"https:\/\/api.w.org\/{rel}","templated":true}]}}