{"id":732151,"date":"2026-04-01T20:51:30","date_gmt":"2026-04-01T19:51:30","guid":{"rendered":"https:\/\/shop.kustom.ch\/?post_type=product&#038;p=732151"},"modified":"2026-04-01T20:52:32","modified_gmt":"2026-04-01T19:52:32","slug":"motion-pants-winter-damen-hose","status":"publish","type":"product","link":"https:\/\/shop.kustom.ch\/fr\/produit\/motion-pants-winter-damen-hose\/","title":{"rendered":"Motion Pants hiver pantalon femme"},"content":{"rendered":"<p>Motion hiver. Le pantalon de loisirs Motion hiver compl\u00e8te parfaitement le pantalon Motion d\u00e9j\u00e0 connu pour l'\u00e9t\u00e9 et la mi-saison. Avec sa doublure l\u00e9g\u00e8re, il offre un confort optimal et une grande libert\u00e9 de mouvement, m\u00eame par temps frais.<\/p>","protected":false},"excerpt":{"rendered":"<p>Motion hiver. Le pantalon de loisirs Motion hiver compl\u00e8te parfaitement le pantalon Motion d\u00e9j\u00e0 connu pour l'\u00e9t\u00e9 et la mi-saison. Avec sa doublure l\u00e9g\u00e8re, il offre un confort optimal et une grande libert\u00e9 de mouvement, m\u00eame par temps frais.<\/p>","protected":false},"featured_media":732194,"template":"","meta":[],"product_brand":[],"product_cat":[4185],"product_tag":[],"class_list":{"0":"post-732151","1":"product","2":"type-product","3":"status-publish","4":"has-post-thumbnail","6":"product_cat-hosen","7":"pa_brand-rukka","8":"pa_brand-type-workwear","9":"pa_filter-color-schwarz","11":"first","12":"instock","13":"taxable","14":"shipping-taxable","15":"purchasable","16":"product-type-variable","17":"add-to-wishlist-before_image"},"exclude_global_add_ons":[],"addons":[],"acf":[],"_links":{"self":[{"href":"https:\/\/shop.kustom.ch\/fr\/wp-json\/wp\/v2\/product\/732151"}],"collection":[{"href":"https:\/\/shop.kustom.ch\/fr\/wp-json\/wp\/v2\/product"}],"about":[{"href":"https:\/\/shop.kustom.ch\/fr\/wp-json\/wp\/v2\/types\/product"}],"wp:featuredmedia":[{"embeddable":true,"href":"https:\/\/shop.kustom.ch\/fr\/wp-json\/wp\/v2\/media\/732194"}],"wp:attachment":[{"href":"https:\/\/shop.kustom.ch\/fr\/wp-json\/wp\/v2\/media?parent=732151"}],"wp:term":[{"taxonomy":"product_brand","embeddable":true,"href":"https:\/\/shop.kustom.ch\/fr\/wp-json\/wp\/v2\/product_brand?post=732151"},{"taxonomy":"product_cat","embeddable":true,"href":"https:\/\/shop.kustom.ch\/fr\/wp-json\/wp\/v2\/product_cat?post=732151"},{"taxonomy":"product_tag","embeddable":true,"href":"https:\/\/shop.kustom.ch\/fr\/wp-json\/wp\/v2\/product_tag?post=732151"}],"curies":[{"name":"wp","href":"https:\/\/api.w.org\/{rel}","templated":true}]}}