{"id":732098,"date":"2026-04-01T20:50:37","date_gmt":"2026-04-01T19:50:37","guid":{"rendered":"https:\/\/shop.kustom.ch\/?post_type=product&#038;p=732098"},"modified":"2026-04-01T20:51:59","modified_gmt":"2026-04-01T19:51:59","slug":"agnes-damen-thermo-gilet-lang","status":"publish","type":"product","link":"https:\/\/shop.kustom.ch\/fr\/produit\/agnes-damen-thermo-gilet-lang\/","title":{"rendered":"Agnes Thermo Gilet long pour dames"},"content":{"rendered":"<p>Agnes . Le gilet long avec rembourrage no-down tient le corps merveilleusement chaud et se combine parfaitement avec une belle polaire ou un tricot. On obtient ainsi une tenue \u00e0 la fois \u00e9l\u00e9gante et fonctionnelle pour les jours de grand froid.<\/p>","protected":false},"excerpt":{"rendered":"<p>Agnes . Le gilet long avec rembourrage no-down tient le corps merveilleusement chaud et se combine parfaitement avec une belle polaire ou un tricot. On obtient ainsi une tenue \u00e0 la fois \u00e9l\u00e9gante et fonctionnelle pour les jours de grand froid.<\/p>","protected":false},"featured_media":732161,"template":"","meta":[],"product_brand":[],"product_cat":[4208],"product_tag":[],"class_list":{"0":"post-732098","1":"product","2":"type-product","3":"status-publish","4":"has-post-thumbnail","6":"product_cat-westen","7":"pa_brand-rukka","8":"pa_brand-type-workwear","9":"pa_filter-color-blau","10":"pa_filter-color-grau","12":"first","13":"instock","14":"taxable","15":"shipping-taxable","16":"purchasable","17":"product-type-variable","18":"add-to-wishlist-before_image"},"exclude_global_add_ons":[],"addons":[],"acf":[],"_links":{"self":[{"href":"https:\/\/shop.kustom.ch\/fr\/wp-json\/wp\/v2\/product\/732098"}],"collection":[{"href":"https:\/\/shop.kustom.ch\/fr\/wp-json\/wp\/v2\/product"}],"about":[{"href":"https:\/\/shop.kustom.ch\/fr\/wp-json\/wp\/v2\/types\/product"}],"wp:featuredmedia":[{"embeddable":true,"href":"https:\/\/shop.kustom.ch\/fr\/wp-json\/wp\/v2\/media\/732161"}],"wp:attachment":[{"href":"https:\/\/shop.kustom.ch\/fr\/wp-json\/wp\/v2\/media?parent=732098"}],"wp:term":[{"taxonomy":"product_brand","embeddable":true,"href":"https:\/\/shop.kustom.ch\/fr\/wp-json\/wp\/v2\/product_brand?post=732098"},{"taxonomy":"product_cat","embeddable":true,"href":"https:\/\/shop.kustom.ch\/fr\/wp-json\/wp\/v2\/product_cat?post=732098"},{"taxonomy":"product_tag","embeddable":true,"href":"https:\/\/shop.kustom.ch\/fr\/wp-json\/wp\/v2\/product_tag?post=732098"}],"curies":[{"name":"wp","href":"https:\/\/api.w.org\/{rel}","templated":true}]}}