{"id":732097,"date":"2026-04-01T20:50:37","date_gmt":"2026-04-01T19:50:37","guid":{"rendered":"https:\/\/shop.kustom.ch\/?post_type=product&#038;p=732097"},"modified":"2026-04-01T20:51:57","modified_gmt":"2026-04-01T19:51:57","slug":"cleo-damen-thermo-jacke","status":"publish","type":"product","link":"https:\/\/shop.kustom.ch\/fr\/produit\/cleo-damen-thermo-jacke\/","title":{"rendered":"Veste thermique pour femme Cleo"},"content":{"rendered":"<p>Cleo . Une veste matelass\u00e9e chaude, doubl\u00e9e d'un rembourrage en polyfil no-down tr\u00e8s l\u00e9ger. Elle poss\u00e8de ainsi les m\u00eames propri\u00e9t\u00e9s isolantes qu'une veste en duvet, mais elle est v\u00e9g\u00e9talienne et lavable. Cela fait de Cleo une veste tr\u00e8s facile \u00e0 entretenir, id\u00e9ale pour les froides journ\u00e9es d'hiver.<\/p>","protected":false},"excerpt":{"rendered":"<p>Cleo . Une veste matelass\u00e9e chaude, doubl\u00e9e d'un rembourrage en polyfil no-down tr\u00e8s l\u00e9ger. Elle poss\u00e8de ainsi les m\u00eames propri\u00e9t\u00e9s isolantes qu'une veste en duvet, mais elle est v\u00e9g\u00e9talienne et lavable. Cela fait de Cleo une veste tr\u00e8s facile \u00e0 entretenir, id\u00e9ale pour les froides journ\u00e9es d'hiver.<\/p>","protected":false},"featured_media":732150,"template":"","meta":[],"product_brand":[],"product_cat":[4186],"product_tag":[],"class_list":{"0":"post-732097","1":"product","2":"type-product","3":"status-publish","4":"has-post-thumbnail","6":"product_cat-jacken","7":"pa_brand-rukka","8":"pa_brand-type-workwear","9":"pa_filter-color-schwarz","11":"first","12":"instock","13":"taxable","14":"shipping-taxable","15":"purchasable","16":"product-type-variable","17":"add-to-wishlist-before_image"},"exclude_global_add_ons":[],"addons":[],"acf":[],"_links":{"self":[{"href":"https:\/\/shop.kustom.ch\/fr\/wp-json\/wp\/v2\/product\/732097"}],"collection":[{"href":"https:\/\/shop.kustom.ch\/fr\/wp-json\/wp\/v2\/product"}],"about":[{"href":"https:\/\/shop.kustom.ch\/fr\/wp-json\/wp\/v2\/types\/product"}],"wp:featuredmedia":[{"embeddable":true,"href":"https:\/\/shop.kustom.ch\/fr\/wp-json\/wp\/v2\/media\/732150"}],"wp:attachment":[{"href":"https:\/\/shop.kustom.ch\/fr\/wp-json\/wp\/v2\/media?parent=732097"}],"wp:term":[{"taxonomy":"product_brand","embeddable":true,"href":"https:\/\/shop.kustom.ch\/fr\/wp-json\/wp\/v2\/product_brand?post=732097"},{"taxonomy":"product_cat","embeddable":true,"href":"https:\/\/shop.kustom.ch\/fr\/wp-json\/wp\/v2\/product_cat?post=732097"},{"taxonomy":"product_tag","embeddable":true,"href":"https:\/\/shop.kustom.ch\/fr\/wp-json\/wp\/v2\/product_tag?post=732097"}],"curies":[{"name":"wp","href":"https:\/\/api.w.org\/{rel}","templated":true}]}}