{"id":732009,"date":"2026-04-01T20:48:50","date_gmt":"2026-04-01T19:48:50","guid":{"rendered":"https:\/\/shop.kustom.ch\/?post_type=product&#038;p=732009"},"modified":"2026-04-01T20:50:59","modified_gmt":"2026-04-01T19:50:59","slug":"petra-damen-thermo-gilet-lang","status":"publish","type":"product","link":"https:\/\/shop.kustom.ch\/fr\/produit\/petra-damen-thermo-gilet-lang\/","title":{"rendered":"Petra Thermo Gilet long pour dames"},"content":{"rendered":"<p>Petra est un v\u00eatement de sport. Avec son rembourrage l\u00e9ger et agr\u00e9able en no-down, il se porte confortablement et se combine de multiples fa\u00e7ons. Que ce soit en ville, en for\u00eat ou en montagne - avec \u201ePetra\u201c, on est toujours bien habill\u00e9 et on peut compter sur un look \u00e0 la fois styl\u00e9 et fonctionnel.<\/p>","protected":false},"excerpt":{"rendered":"<p>Petra est un v\u00eatement de sport. Avec son rembourrage l\u00e9ger et agr\u00e9able en no-down, il se porte confortablement et se combine de multiples fa\u00e7ons. Que ce soit en ville, en for\u00eat ou en montagne - avec \u201ePetra\u201c, on est toujours bien habill\u00e9 et on peut compter sur un look \u00e0 la fois styl\u00e9 et fonctionnel.<\/p>","protected":false},"featured_media":732071,"template":"","meta":[],"product_brand":[],"product_cat":[4208],"product_tag":[],"class_list":{"0":"post-732009","1":"product","2":"type-product","3":"status-publish","4":"has-post-thumbnail","6":"product_cat-westen","7":"pa_brand-rukka","8":"pa_brand-type-workwear","9":"pa_filter-color-grau","10":"pa_filter-color-gruen","11":"pa_filter-color-orange","12":"pa_filter-color-schwarz","14":"first","15":"instock","16":"taxable","17":"shipping-taxable","18":"purchasable","19":"product-type-variable","20":"add-to-wishlist-before_image"},"exclude_global_add_ons":[],"addons":[],"acf":[],"_links":{"self":[{"href":"https:\/\/shop.kustom.ch\/fr\/wp-json\/wp\/v2\/product\/732009"}],"collection":[{"href":"https:\/\/shop.kustom.ch\/fr\/wp-json\/wp\/v2\/product"}],"about":[{"href":"https:\/\/shop.kustom.ch\/fr\/wp-json\/wp\/v2\/types\/product"}],"wp:featuredmedia":[{"embeddable":true,"href":"https:\/\/shop.kustom.ch\/fr\/wp-json\/wp\/v2\/media\/732071"}],"wp:attachment":[{"href":"https:\/\/shop.kustom.ch\/fr\/wp-json\/wp\/v2\/media?parent=732009"}],"wp:term":[{"taxonomy":"product_brand","embeddable":true,"href":"https:\/\/shop.kustom.ch\/fr\/wp-json\/wp\/v2\/product_brand?post=732009"},{"taxonomy":"product_cat","embeddable":true,"href":"https:\/\/shop.kustom.ch\/fr\/wp-json\/wp\/v2\/product_cat?post=732009"},{"taxonomy":"product_tag","embeddable":true,"href":"https:\/\/shop.kustom.ch\/fr\/wp-json\/wp\/v2\/product_tag?post=732009"}],"curies":[{"name":"wp","href":"https:\/\/api.w.org\/{rel}","templated":true}]}}