{"id":732008,"date":"2026-04-01T20:48:50","date_gmt":"2026-04-01T19:48:50","guid":{"rendered":"https:\/\/shop.kustom.ch\/?post_type=product&#038;p=732008"},"modified":"2026-04-01T20:50:08","modified_gmt":"2026-04-01T19:50:08","slug":"juliana-damen-thermo-gilet","status":"publish","type":"product","link":"https:\/\/shop.kustom.ch\/fr\/produit\/juliana-damen-thermo-gilet\/","title":{"rendered":"Juliana Gilet thermique pour dames"},"content":{"rendered":"<p>Le gilet Juliana. Le gilet matelass\u00e9 styl\u00e9 avec son l\u00e9ger rembourrage no-down est un compagnon \u00e0 la fois tendance et fonctionnel pour la mi-saison. Que ce soit pour une promenade dans le parc ou pour une balade en ville, le gilet est tr\u00e8s esth\u00e9tique et tient le corps agr\u00e9ablement chaud.<\/p>","protected":false},"excerpt":{"rendered":"<p>Le gilet Juliana. Le gilet matelass\u00e9 styl\u00e9 avec son l\u00e9ger rembourrage no-down est un compagnon \u00e0 la fois tendance et fonctionnel pour la mi-saison. Que ce soit pour une promenade dans le parc ou pour une balade en ville, le gilet est tr\u00e8s esth\u00e9tique et tient le corps agr\u00e9ablement chaud.<\/p>","protected":false},"featured_media":732063,"template":"","meta":[],"product_brand":[],"product_cat":[4208],"product_tag":[],"class_list":{"0":"post-732008","1":"product","2":"type-product","3":"status-publish","4":"has-post-thumbnail","6":"product_cat-westen","7":"pa_brand-rukka","8":"pa_brand-type-workwear","9":"pa_filter-color-schwarz","11":"first","12":"instock","13":"taxable","14":"shipping-taxable","15":"purchasable","16":"product-type-variable","17":"add-to-wishlist-before_image"},"exclude_global_add_ons":[],"addons":[],"acf":[],"_links":{"self":[{"href":"https:\/\/shop.kustom.ch\/fr\/wp-json\/wp\/v2\/product\/732008"}],"collection":[{"href":"https:\/\/shop.kustom.ch\/fr\/wp-json\/wp\/v2\/product"}],"about":[{"href":"https:\/\/shop.kustom.ch\/fr\/wp-json\/wp\/v2\/types\/product"}],"wp:featuredmedia":[{"embeddable":true,"href":"https:\/\/shop.kustom.ch\/fr\/wp-json\/wp\/v2\/media\/732063"}],"wp:attachment":[{"href":"https:\/\/shop.kustom.ch\/fr\/wp-json\/wp\/v2\/media?parent=732008"}],"wp:term":[{"taxonomy":"product_brand","embeddable":true,"href":"https:\/\/shop.kustom.ch\/fr\/wp-json\/wp\/v2\/product_brand?post=732008"},{"taxonomy":"product_cat","embeddable":true,"href":"https:\/\/shop.kustom.ch\/fr\/wp-json\/wp\/v2\/product_cat?post=732008"},{"taxonomy":"product_tag","embeddable":true,"href":"https:\/\/shop.kustom.ch\/fr\/wp-json\/wp\/v2\/product_tag?post=732008"}],"curies":[{"name":"wp","href":"https:\/\/api.w.org\/{rel}","templated":true}]}}