{"id":732007,"date":"2026-04-01T20:48:50","date_gmt":"2026-04-01T19:48:50","guid":{"rendered":"https:\/\/shop.kustom.ch\/?post_type=product&#038;p=732007"},"modified":"2026-04-01T20:50:05","modified_gmt":"2026-04-01T19:50:05","slug":"avalon-damen-thermo-gilet","status":"publish","type":"product","link":"https:\/\/shop.kustom.ch\/fr\/produit\/avalon-damen-thermo-gilet\/","title":{"rendered":"Gilet thermique pour femmes Avalon"},"content":{"rendered":"<p>Le gilet Avalon. Le gilet avec son l\u00e9ger rembourrage no-down est extr\u00eamement polyvalent. Il convient non seulement comme couche d'isolation suppl\u00e9mentaire sous diff\u00e9rents v\u00eatements, mais aussi comme v\u00eatement pratique pour le travail quotidien dans un bureau frais.<\/p>","protected":false},"excerpt":{"rendered":"<p>Le gilet Avalon. Le gilet avec son l\u00e9ger rembourrage no-down est extr\u00eamement polyvalent. Il convient non seulement comme couche d'isolation suppl\u00e9mentaire sous diff\u00e9rents v\u00eatements, mais aussi comme v\u00eatement pratique pour le travail quotidien dans un bureau frais.<\/p>","protected":false},"featured_media":732044,"template":"","meta":[],"product_brand":[],"product_cat":[4208],"product_tag":[],"class_list":{"0":"post-732007","1":"product","2":"type-product","3":"status-publish","4":"has-post-thumbnail","6":"product_cat-westen","7":"pa_brand-rukka","8":"pa_brand-type-workwear","9":"pa_filter-color-gruen","10":"pa_filter-color-schwarz","12":"first","13":"instock","14":"taxable","15":"shipping-taxable","16":"purchasable","17":"product-type-variable","18":"add-to-wishlist-before_image"},"exclude_global_add_ons":[],"addons":[],"acf":[],"_links":{"self":[{"href":"https:\/\/shop.kustom.ch\/fr\/wp-json\/wp\/v2\/product\/732007"}],"collection":[{"href":"https:\/\/shop.kustom.ch\/fr\/wp-json\/wp\/v2\/product"}],"about":[{"href":"https:\/\/shop.kustom.ch\/fr\/wp-json\/wp\/v2\/types\/product"}],"wp:featuredmedia":[{"embeddable":true,"href":"https:\/\/shop.kustom.ch\/fr\/wp-json\/wp\/v2\/media\/732044"}],"wp:attachment":[{"href":"https:\/\/shop.kustom.ch\/fr\/wp-json\/wp\/v2\/media?parent=732007"}],"wp:term":[{"taxonomy":"product_brand","embeddable":true,"href":"https:\/\/shop.kustom.ch\/fr\/wp-json\/wp\/v2\/product_brand?post=732007"},{"taxonomy":"product_cat","embeddable":true,"href":"https:\/\/shop.kustom.ch\/fr\/wp-json\/wp\/v2\/product_cat?post=732007"},{"taxonomy":"product_tag","embeddable":true,"href":"https:\/\/shop.kustom.ch\/fr\/wp-json\/wp\/v2\/product_tag?post=732007"}],"curies":[{"name":"wp","href":"https:\/\/api.w.org\/{rel}","templated":true}]}}