{"id":731965,"date":"2026-04-01T20:48:26","date_gmt":"2026-04-01T19:48:26","guid":{"rendered":"https:\/\/shop.kustom.ch\/?post_type=product&#038;p=731965"},"modified":"2026-04-01T20:49:37","modified_gmt":"2026-04-01T19:49:37","slug":"gale-damen-wintermantel","status":"publish","type":"product","link":"https:\/\/shop.kustom.ch\/fr\/produit\/gale-damen-wintermantel\/","title":{"rendered":"Gale Manteau d'hiver pour femme"},"content":{"rendered":"<p>Gale. Le manteau court est r\u00e9versible et offre d'un c\u00f4t\u00e9 une enveloppe r\u00e9sistante aux intemp\u00e9ries et de l'autre un beau design piqu\u00e9. De plus, le c\u00f4t\u00e9 r\u00e9sistant aux intemp\u00e9ries est dot\u00e9 d'applications r\u00e9fl\u00e9chissantes pour augmenter la visibilit\u00e9 dans l'obscurit\u00e9.<\/p>","protected":false},"excerpt":{"rendered":"<p>Gale. Le manteau court est r\u00e9versible et offre d'un c\u00f4t\u00e9 une enveloppe r\u00e9sistante aux intemp\u00e9ries et de l'autre un beau design piqu\u00e9. De plus, le c\u00f4t\u00e9 r\u00e9sistant aux intemp\u00e9ries est dot\u00e9 d'applications r\u00e9fl\u00e9chissantes pour augmenter la visibilit\u00e9 dans l'obscurit\u00e9.<\/p>","protected":false},"featured_media":732026,"template":"","meta":[],"product_brand":[],"product_cat":[4186],"product_tag":[],"class_list":{"0":"post-731965","1":"product","2":"type-product","3":"status-publish","4":"has-post-thumbnail","6":"product_cat-jacken","7":"pa_brand-rukka","8":"pa_brand-type-workwear","9":"pa_filter-color-blau","10":"pa_filter-color-gruen","12":"first","13":"instock","14":"taxable","15":"shipping-taxable","16":"purchasable","17":"product-type-variable","18":"add-to-wishlist-before_image"},"exclude_global_add_ons":[],"addons":[],"acf":[],"_links":{"self":[{"href":"https:\/\/shop.kustom.ch\/fr\/wp-json\/wp\/v2\/product\/731965"}],"collection":[{"href":"https:\/\/shop.kustom.ch\/fr\/wp-json\/wp\/v2\/product"}],"about":[{"href":"https:\/\/shop.kustom.ch\/fr\/wp-json\/wp\/v2\/types\/product"}],"wp:featuredmedia":[{"embeddable":true,"href":"https:\/\/shop.kustom.ch\/fr\/wp-json\/wp\/v2\/media\/732026"}],"wp:attachment":[{"href":"https:\/\/shop.kustom.ch\/fr\/wp-json\/wp\/v2\/media?parent=731965"}],"wp:term":[{"taxonomy":"product_brand","embeddable":true,"href":"https:\/\/shop.kustom.ch\/fr\/wp-json\/wp\/v2\/product_brand?post=731965"},{"taxonomy":"product_cat","embeddable":true,"href":"https:\/\/shop.kustom.ch\/fr\/wp-json\/wp\/v2\/product_cat?post=731965"},{"taxonomy":"product_tag","embeddable":true,"href":"https:\/\/shop.kustom.ch\/fr\/wp-json\/wp\/v2\/product_tag?post=731965"}],"curies":[{"name":"wp","href":"https:\/\/api.w.org\/{rel}","templated":true}]}}