{"id":731964,"date":"2026-04-01T20:48:25","date_gmt":"2026-04-01T19:48:25","guid":{"rendered":"https:\/\/shop.kustom.ch\/?post_type=product&#038;p=731964"},"modified":"2026-04-01T20:49:12","modified_gmt":"2026-04-01T19:49:12","slug":"felipa-damen-winterjacke","status":"publish","type":"product","link":"https:\/\/shop.kustom.ch\/fr\/produit\/felipa-damen-winterjacke\/","title":{"rendered":"Felipa Veste d'hiver pour femmes"},"content":{"rendered":"<p>Felipa . Avec cette veste d'hiver, vous \u00eates parfaitement \u00e9quip\u00e9 pour l'hiver et vous pouvez compter sur une protection fiable et un grand confort. Avec sa doublure chaude et sa membrane fonctionnelle, elle ne vous laissera pas tomber.<\/p>","protected":false},"excerpt":{"rendered":"<p>Felipa . Avec cette veste d'hiver, vous \u00eates parfaitement \u00e9quip\u00e9 pour l'hiver et vous pouvez compter sur une protection fiable et un grand confort. Avec sa doublure chaude et sa membrane fonctionnelle, elle ne vous laissera pas tomber.<\/p>","protected":false},"featured_media":732018,"template":"","meta":[],"product_brand":[],"product_cat":[4186],"product_tag":[],"class_list":{"0":"post-731964","1":"product","2":"type-product","3":"status-publish","4":"has-post-thumbnail","6":"product_cat-jacken","7":"pa_brand-rukka","8":"pa_brand-type-workwear","9":"pa_filter-color-schwarz","11":"first","12":"instock","13":"taxable","14":"shipping-taxable","15":"purchasable","16":"product-type-variable","17":"add-to-wishlist-before_image"},"exclude_global_add_ons":[],"addons":[],"acf":[],"_links":{"self":[{"href":"https:\/\/shop.kustom.ch\/fr\/wp-json\/wp\/v2\/product\/731964"}],"collection":[{"href":"https:\/\/shop.kustom.ch\/fr\/wp-json\/wp\/v2\/product"}],"about":[{"href":"https:\/\/shop.kustom.ch\/fr\/wp-json\/wp\/v2\/types\/product"}],"wp:featuredmedia":[{"embeddable":true,"href":"https:\/\/shop.kustom.ch\/fr\/wp-json\/wp\/v2\/media\/732018"}],"wp:attachment":[{"href":"https:\/\/shop.kustom.ch\/fr\/wp-json\/wp\/v2\/media?parent=731964"}],"wp:term":[{"taxonomy":"product_brand","embeddable":true,"href":"https:\/\/shop.kustom.ch\/fr\/wp-json\/wp\/v2\/product_brand?post=731964"},{"taxonomy":"product_cat","embeddable":true,"href":"https:\/\/shop.kustom.ch\/fr\/wp-json\/wp\/v2\/product_cat?post=731964"},{"taxonomy":"product_tag","embeddable":true,"href":"https:\/\/shop.kustom.ch\/fr\/wp-json\/wp\/v2\/product_tag?post=731964"}],"curies":[{"name":"wp","href":"https:\/\/api.w.org\/{rel}","templated":true}]}}