{"id":731909,"date":"2026-04-01T20:47:26","date_gmt":"2026-04-01T19:47:26","guid":{"rendered":"https:\/\/shop.kustom.ch\/?post_type=product&#038;p=731909"},"modified":"2026-04-01T20:49:10","modified_gmt":"2026-04-01T19:49:10","slug":"rosemary-damen-fleece-jacke","status":"publish","type":"product","link":"https:\/\/shop.kustom.ch\/fr\/produit\/rosemary-damen-fleece-jacke\/","title":{"rendered":"Veste polaire pour femme Rosemary"},"content":{"rendered":"<p>La veste Rosemary. Cette veste polaire au mat\u00e9riau doux et moelleux n'attire pas seulement le regard, elle est aussi un choix parfait pour les journ\u00e9es fra\u00eeches. Avec sa belle coupe et sa portabilit\u00e9 agr\u00e9able, elle deviendra vite la pi\u00e8ce pr\u00e9f\u00e9r\u00e9e de votre garde-robe.<\/p>","protected":false},"excerpt":{"rendered":"<p>La veste Rosemary. Cette veste polaire au mat\u00e9riau doux et moelleux n'attire pas seulement le regard, elle est aussi un choix parfait pour les journ\u00e9es fra\u00eeches. Avec sa belle coupe et sa portabilit\u00e9 agr\u00e9able, elle deviendra vite la pi\u00e8ce pr\u00e9f\u00e9r\u00e9e de votre garde-robe.<\/p>","protected":false},"featured_media":731963,"template":"","meta":[],"product_brand":[],"product_cat":[4186],"product_tag":[],"class_list":{"0":"post-731909","1":"product","2":"type-product","3":"status-publish","4":"has-post-thumbnail","6":"product_cat-jacken","7":"pa_brand-rukka","8":"pa_brand-type-workwear","9":"pa_filter-color-blau","10":"pa_filter-color-gruen","11":"pa_filter-color-pink","12":"pa_filter-color-schwarz","14":"first","15":"instock","16":"taxable","17":"shipping-taxable","18":"purchasable","19":"product-type-variable","20":"add-to-wishlist-before_image"},"exclude_global_add_ons":[],"addons":[],"acf":[],"_links":{"self":[{"href":"https:\/\/shop.kustom.ch\/fr\/wp-json\/wp\/v2\/product\/731909"}],"collection":[{"href":"https:\/\/shop.kustom.ch\/fr\/wp-json\/wp\/v2\/product"}],"about":[{"href":"https:\/\/shop.kustom.ch\/fr\/wp-json\/wp\/v2\/types\/product"}],"wp:featuredmedia":[{"embeddable":true,"href":"https:\/\/shop.kustom.ch\/fr\/wp-json\/wp\/v2\/media\/731963"}],"wp:attachment":[{"href":"https:\/\/shop.kustom.ch\/fr\/wp-json\/wp\/v2\/media?parent=731909"}],"wp:term":[{"taxonomy":"product_brand","embeddable":true,"href":"https:\/\/shop.kustom.ch\/fr\/wp-json\/wp\/v2\/product_brand?post=731909"},{"taxonomy":"product_cat","embeddable":true,"href":"https:\/\/shop.kustom.ch\/fr\/wp-json\/wp\/v2\/product_cat?post=731909"},{"taxonomy":"product_tag","embeddable":true,"href":"https:\/\/shop.kustom.ch\/fr\/wp-json\/wp\/v2\/product_tag?post=731909"}],"curies":[{"name":"wp","href":"https:\/\/api.w.org\/{rel}","templated":true}]}}