{"id":731885,"date":"2026-04-01T20:46:54","date_gmt":"2026-04-01T19:46:54","guid":{"rendered":"https:\/\/shop.kustom.ch\/?post_type=product&#038;p=731885"},"modified":"2026-04-01T20:48:21","modified_gmt":"2026-04-01T19:48:21","slug":"fiona-damen-sherpa-mantel","status":"publish","type":"product","link":"https:\/\/shop.kustom.ch\/fr\/produit\/fiona-damen-sherpa-mantel\/","title":{"rendered":"Manteau de sherpa pour femme Fiona"},"content":{"rendered":"<p>Le manteau Fiona. Le long manteau en sherpa n'est pas seulement un accroche-regard \u00e0 la mode, il est aussi un compagnon fonctionnel pour diff\u00e9rentes occasions. Que ce soit en ville ou dans la nature, le manteau offre une chaleur agr\u00e9able. Il est particuli\u00e8rement confortable \u00e0 porter gr\u00e2ce \u00e0 sa mati\u00e8re sherpa douce et moelleuse.<\/p>","protected":false},"excerpt":{"rendered":"<p>Le manteau Fiona. Le long manteau en sherpa n'est pas seulement un accroche-regard \u00e0 la mode, il est aussi un compagnon fonctionnel pour diff\u00e9rentes occasions. Que ce soit en ville ou dans la nature, le manteau offre une chaleur agr\u00e9able. Il est particuli\u00e8rement confortable \u00e0 porter gr\u00e2ce \u00e0 sa mati\u00e8re sherpa douce et moelleuse.<\/p>","protected":false},"featured_media":731939,"template":"","meta":[],"product_brand":[],"product_cat":[4186],"product_tag":[],"class_list":{"0":"post-731885","1":"product","2":"type-product","3":"status-publish","4":"has-post-thumbnail","6":"product_cat-jacken","7":"pa_brand-rukka","8":"pa_brand-type-workwear","9":"pa_filter-color-braun","10":"pa_filter-color-gruen","11":"pa_filter-color-schwarz","12":"pa_filter-color-weiss","14":"first","15":"instock","16":"taxable","17":"shipping-taxable","18":"purchasable","19":"product-type-variable","20":"add-to-wishlist-before_image"},"exclude_global_add_ons":[],"addons":[],"acf":[],"_links":{"self":[{"href":"https:\/\/shop.kustom.ch\/fr\/wp-json\/wp\/v2\/product\/731885"}],"collection":[{"href":"https:\/\/shop.kustom.ch\/fr\/wp-json\/wp\/v2\/product"}],"about":[{"href":"https:\/\/shop.kustom.ch\/fr\/wp-json\/wp\/v2\/types\/product"}],"wp:featuredmedia":[{"embeddable":true,"href":"https:\/\/shop.kustom.ch\/fr\/wp-json\/wp\/v2\/media\/731939"}],"wp:attachment":[{"href":"https:\/\/shop.kustom.ch\/fr\/wp-json\/wp\/v2\/media?parent=731885"}],"wp:term":[{"taxonomy":"product_brand","embeddable":true,"href":"https:\/\/shop.kustom.ch\/fr\/wp-json\/wp\/v2\/product_brand?post=731885"},{"taxonomy":"product_cat","embeddable":true,"href":"https:\/\/shop.kustom.ch\/fr\/wp-json\/wp\/v2\/product_cat?post=731885"},{"taxonomy":"product_tag","embeddable":true,"href":"https:\/\/shop.kustom.ch\/fr\/wp-json\/wp\/v2\/product_tag?post=731885"}],"curies":[{"name":"wp","href":"https:\/\/api.w.org\/{rel}","templated":true}]}}