{"id":731852,"date":"2026-04-01T20:46:24","date_gmt":"2026-04-01T19:46:24","guid":{"rendered":"https:\/\/shop.kustom.ch\/?post_type=product&#038;p=731852"},"modified":"2026-04-01T20:47:49","modified_gmt":"2026-04-01T19:47:49","slug":"gwen-damen-wintermantel","status":"publish","type":"product","link":"https:\/\/shop.kustom.ch\/fr\/produit\/gwen-damen-wintermantel\/","title":{"rendered":"Gwen Manteau d'hiver pour femme"},"content":{"rendered":"<p>Gwen . Le long manteau d'hiver - n'est pas seulement absolument r\u00e9sistant aux intemp\u00e9ries, il attire aussi les regards. Son design sobre est embelli par une doublure amoureusement imprim\u00e9e, d\u00e9velopp\u00e9e en collaboration avec une artiste suisse talentueuse.<\/p>","protected":false},"excerpt":{"rendered":"<p>Gwen . Le long manteau d'hiver - n'est pas seulement absolument r\u00e9sistant aux intemp\u00e9ries, il attire aussi les regards. Son design sobre est embelli par une doublure amoureusement imprim\u00e9e, d\u00e9velopp\u00e9e en collaboration avec une artiste suisse talentueuse.<\/p>","protected":false},"featured_media":731908,"template":"","meta":[],"product_brand":[],"product_cat":[4186],"product_tag":[],"class_list":{"0":"post-731852","1":"product","2":"type-product","3":"status-publish","4":"has-post-thumbnail","6":"product_cat-jacken","7":"pa_brand-rukka","8":"pa_brand-type-workwear","9":"pa_filter-color-grau","10":"pa_filter-color-gruen","11":"pa_filter-color-schwarz","13":"first","14":"instock","15":"taxable","16":"shipping-taxable","17":"purchasable","18":"product-type-variable","19":"add-to-wishlist-before_image"},"exclude_global_add_ons":[],"addons":[],"acf":[],"_links":{"self":[{"href":"https:\/\/shop.kustom.ch\/fr\/wp-json\/wp\/v2\/product\/731852"}],"collection":[{"href":"https:\/\/shop.kustom.ch\/fr\/wp-json\/wp\/v2\/product"}],"about":[{"href":"https:\/\/shop.kustom.ch\/fr\/wp-json\/wp\/v2\/types\/product"}],"wp:featuredmedia":[{"embeddable":true,"href":"https:\/\/shop.kustom.ch\/fr\/wp-json\/wp\/v2\/media\/731908"}],"wp:attachment":[{"href":"https:\/\/shop.kustom.ch\/fr\/wp-json\/wp\/v2\/media?parent=731852"}],"wp:term":[{"taxonomy":"product_brand","embeddable":true,"href":"https:\/\/shop.kustom.ch\/fr\/wp-json\/wp\/v2\/product_brand?post=731852"},{"taxonomy":"product_cat","embeddable":true,"href":"https:\/\/shop.kustom.ch\/fr\/wp-json\/wp\/v2\/product_cat?post=731852"},{"taxonomy":"product_tag","embeddable":true,"href":"https:\/\/shop.kustom.ch\/fr\/wp-json\/wp\/v2\/product_tag?post=731852"}],"curies":[{"name":"wp","href":"https:\/\/api.w.org\/{rel}","templated":true}]}}