{"id":731851,"date":"2026-04-01T20:46:24","date_gmt":"2026-04-01T19:46:24","guid":{"rendered":"https:\/\/shop.kustom.ch\/?post_type=product&#038;p=731851"},"modified":"2026-04-01T20:47:22","modified_gmt":"2026-04-01T19:47:22","slug":"ellen-damen-hybrid-jacke","status":"publish","type":"product","link":"https:\/\/shop.kustom.ch\/fr\/produit\/ellen-damen-hybrid-jacke\/","title":{"rendered":"Veste hybride pour femmes Ellen"},"content":{"rendered":"<p>Ellen. Cette belle veste hybride dispose d'un agr\u00e9able rembourrage no-down sur le devant et d'une grande respirabilit\u00e9 sur le dos. Elle est parfaite pour les activit\u00e9s de plein air exigeantes.<\/p>","protected":false},"excerpt":{"rendered":"<p>Ellen. Cette belle veste hybride dispose d'un agr\u00e9able rembourrage no-down sur le devant et d'une grande respirabilit\u00e9 sur le dos. Elle est parfaite pour les activit\u00e9s de plein air exigeantes.<\/p>","protected":false},"featured_media":731900,"template":"","meta":[],"product_brand":[],"product_cat":[4186],"product_tag":[],"class_list":{"0":"post-731851","1":"product","2":"type-product","3":"status-publish","4":"has-post-thumbnail","6":"product_cat-jacken","7":"pa_brand-rukka","8":"pa_brand-type-workwear","9":"pa_filter-color-blau","11":"first","12":"instock","13":"taxable","14":"shipping-taxable","15":"purchasable","16":"product-type-variable","17":"add-to-wishlist-before_image"},"exclude_global_add_ons":[],"addons":[],"acf":[],"_links":{"self":[{"href":"https:\/\/shop.kustom.ch\/fr\/wp-json\/wp\/v2\/product\/731851"}],"collection":[{"href":"https:\/\/shop.kustom.ch\/fr\/wp-json\/wp\/v2\/product"}],"about":[{"href":"https:\/\/shop.kustom.ch\/fr\/wp-json\/wp\/v2\/types\/product"}],"wp:featuredmedia":[{"embeddable":true,"href":"https:\/\/shop.kustom.ch\/fr\/wp-json\/wp\/v2\/media\/731900"}],"wp:attachment":[{"href":"https:\/\/shop.kustom.ch\/fr\/wp-json\/wp\/v2\/media?parent=731851"}],"wp:term":[{"taxonomy":"product_brand","embeddable":true,"href":"https:\/\/shop.kustom.ch\/fr\/wp-json\/wp\/v2\/product_brand?post=731851"},{"taxonomy":"product_cat","embeddable":true,"href":"https:\/\/shop.kustom.ch\/fr\/wp-json\/wp\/v2\/product_cat?post=731851"},{"taxonomy":"product_tag","embeddable":true,"href":"https:\/\/shop.kustom.ch\/fr\/wp-json\/wp\/v2\/product_tag?post=731851"}],"curies":[{"name":"wp","href":"https:\/\/api.w.org\/{rel}","templated":true}]}}