{"id":731754,"date":"2026-04-01T20:45:00","date_gmt":"2026-04-01T19:45:00","guid":{"rendered":"https:\/\/shop.kustom.ch\/?post_type=product&#038;p=731754"},"modified":"2026-04-01T20:46:48","modified_gmt":"2026-04-01T19:46:48","slug":"libby-damen-t-shirt","status":"publish","type":"product","link":"https:\/\/shop.kustom.ch\/fr\/produit\/libby-damen-t-shirt\/","title":{"rendered":"T-shirt pour femme Libby"},"content":{"rendered":"<p>Libby . Ce t-shirt offre un confort exceptionnel et est fabriqu\u00e9 \u00e0 partir de mat\u00e9riaux durables comme Eco-Cosy\u00ae et Sorona\u00ae. Sorona\u00ae r\u00e9duit la consommation d'\u00e9nergie et les \u00e9missions de CO2, tandis qu'EcoCosy\u00ae en bois offre des propri\u00e9t\u00e9s douces, respirantes et de r\u00e9gulation de l'humidit\u00e9. Les deux mat\u00e9riaux sont biod\u00e9gradables, faciles \u00e0 entretenir et durables. Id\u00e9al pour tous ceux qui appr\u00e9cient le confort et la durabilit\u00e9.<\/p>","protected":false},"excerpt":{"rendered":"<p>Libby . Ce t-shirt offre un confort exceptionnel et est fabriqu\u00e9 \u00e0 partir de mat\u00e9riaux durables comme Eco-Cosy\u00ae et Sorona\u00ae. Sorona\u00ae r\u00e9duit la consommation d'\u00e9nergie et les \u00e9missions de CO2, tandis qu'EcoCosy\u00ae en bois offre des propri\u00e9t\u00e9s douces, respirantes et de r\u00e9gulation de l'humidit\u00e9. Les deux mat\u00e9riaux sont biod\u00e9gradables, faciles \u00e0 entretenir et durables. Id\u00e9al pour tous ceux qui appr\u00e9cient le confort et la durabilit\u00e9.<\/p>","protected":false},"featured_media":731816,"template":"","meta":[],"product_brand":[],"product_cat":[4201],"product_tag":[],"class_list":{"0":"post-731754","1":"product","2":"type-product","3":"status-publish","4":"has-post-thumbnail","6":"product_cat-t-shirts","7":"pa_brand-rukka","8":"pa_brand-type-workwear","9":"pa_filter-color-blau","10":"pa_filter-color-gruen","11":"pa_filter-color-pink","12":"pa_filter-color-schwarz","13":"pa_filter-color-weiss","15":"first","16":"instock","17":"taxable","18":"shipping-taxable","19":"purchasable","20":"product-type-variable","21":"add-to-wishlist-before_image"},"exclude_global_add_ons":[],"addons":[],"acf":[],"_links":{"self":[{"href":"https:\/\/shop.kustom.ch\/fr\/wp-json\/wp\/v2\/product\/731754"}],"collection":[{"href":"https:\/\/shop.kustom.ch\/fr\/wp-json\/wp\/v2\/product"}],"about":[{"href":"https:\/\/shop.kustom.ch\/fr\/wp-json\/wp\/v2\/types\/product"}],"wp:featuredmedia":[{"embeddable":true,"href":"https:\/\/shop.kustom.ch\/fr\/wp-json\/wp\/v2\/media\/731816"}],"wp:attachment":[{"href":"https:\/\/shop.kustom.ch\/fr\/wp-json\/wp\/v2\/media?parent=731754"}],"wp:term":[{"taxonomy":"product_brand","embeddable":true,"href":"https:\/\/shop.kustom.ch\/fr\/wp-json\/wp\/v2\/product_brand?post=731754"},{"taxonomy":"product_cat","embeddable":true,"href":"https:\/\/shop.kustom.ch\/fr\/wp-json\/wp\/v2\/product_cat?post=731754"},{"taxonomy":"product_tag","embeddable":true,"href":"https:\/\/shop.kustom.ch\/fr\/wp-json\/wp\/v2\/product_tag?post=731754"}],"curies":[{"name":"wp","href":"https:\/\/api.w.org\/{rel}","templated":true}]}}