{"id":731688,"date":"2026-04-01T20:44:07","date_gmt":"2026-04-01T19:44:07","guid":{"rendered":"https:\/\/shop.kustom.ch\/?post_type=product&#038;p=731688"},"modified":"2026-04-01T20:45:21","modified_gmt":"2026-04-01T19:45:21","slug":"wolkenbruch-damen-regenmantel","status":"publish","type":"product","link":"https:\/\/shop.kustom.ch\/fr\/produit\/wolkenbruch-damen-regenmantel\/","title":{"rendered":"Manteau de pluie pour femmes"},"content":{"rendered":"<p>La pluie qui tombe. Cet imperm\u00e9able long en PU est tr\u00e8s tendance et prot\u00e8ge en plus au maximum du vent et des intemp\u00e9ries.<\/p>","protected":false},"excerpt":{"rendered":"<p>La pluie qui tombe. Cet imperm\u00e9able long en PU est tr\u00e8s tendance et prot\u00e8ge en plus au maximum du vent et des intemp\u00e9ries.<\/p>","protected":false},"featured_media":731724,"template":"","meta":[],"product_brand":[],"product_cat":[4186],"product_tag":[],"class_list":{"0":"post-731688","1":"product","2":"type-product","3":"status-publish","4":"has-post-thumbnail","6":"product_cat-jacken","7":"pa_brand-rukka","8":"pa_brand-type-workwear","9":"pa_filter-color-beige","10":"pa_filter-color-blau","11":"pa_filter-color-gruen","13":"first","14":"instock","15":"taxable","16":"shipping-taxable","17":"purchasable","18":"product-type-variable","19":"add-to-wishlist-before_image"},"exclude_global_add_ons":[],"addons":[],"acf":[],"_links":{"self":[{"href":"https:\/\/shop.kustom.ch\/fr\/wp-json\/wp\/v2\/product\/731688"}],"collection":[{"href":"https:\/\/shop.kustom.ch\/fr\/wp-json\/wp\/v2\/product"}],"about":[{"href":"https:\/\/shop.kustom.ch\/fr\/wp-json\/wp\/v2\/types\/product"}],"wp:featuredmedia":[{"embeddable":true,"href":"https:\/\/shop.kustom.ch\/fr\/wp-json\/wp\/v2\/media\/731724"}],"wp:attachment":[{"href":"https:\/\/shop.kustom.ch\/fr\/wp-json\/wp\/v2\/media?parent=731688"}],"wp:term":[{"taxonomy":"product_brand","embeddable":true,"href":"https:\/\/shop.kustom.ch\/fr\/wp-json\/wp\/v2\/product_brand?post=731688"},{"taxonomy":"product_cat","embeddable":true,"href":"https:\/\/shop.kustom.ch\/fr\/wp-json\/wp\/v2\/product_cat?post=731688"},{"taxonomy":"product_tag","embeddable":true,"href":"https:\/\/shop.kustom.ch\/fr\/wp-json\/wp\/v2\/product_tag?post=731688"}],"curies":[{"name":"wp","href":"https:\/\/api.w.org\/{rel}","templated":true}]}}