{"id":731625,"date":"2026-04-01T20:43:11","date_gmt":"2026-04-01T19:43:11","guid":{"rendered":"https:\/\/shop.kustom.ch\/?post_type=product&#038;p=731625"},"modified":"2026-04-01T20:44:34","modified_gmt":"2026-04-01T19:44:34","slug":"marcella-damen-fleece-jacke","status":"publish","type":"product","link":"https:\/\/shop.kustom.ch\/fr\/produit\/marcella-damen-fleece-jacke\/","title":{"rendered":"Veste polaire Marcella pour femmes"},"content":{"rendered":"<p>Marcella . Cette belle polaire pour femmes est fabriqu\u00e9e en tissu 100% PET recycl\u00e9. Magnifiquement douce et agr\u00e9able \u00e0 porter, cette veste polaire offre en outre de bonnes valeurs d'isolation. Par temps froid, elle est \u00e9galement id\u00e9ale sous une veste de ski ou une veste de protection contre les intemp\u00e9ries.<\/p>","protected":false},"excerpt":{"rendered":"<p>Marcella . Cette belle polaire pour femmes est fabriqu\u00e9e en tissu 100% PET recycl\u00e9. Magnifiquement douce et agr\u00e9able \u00e0 porter, cette veste polaire offre en outre de bonnes valeurs d'isolation. Par temps froid, elle est \u00e9galement id\u00e9ale sous une veste de ski ou une veste de protection contre les intemp\u00e9ries.<\/p>","protected":false},"featured_media":731687,"template":"","meta":[],"product_brand":[],"product_cat":[4186],"product_tag":[],"class_list":{"0":"post-731625","1":"product","2":"type-product","3":"status-publish","4":"has-post-thumbnail","6":"product_cat-jacken","7":"pa_brand-rukka","8":"pa_brand-type-workwear","9":"pa_filter-color-blau","10":"pa_filter-color-gruen","11":"pa_filter-color-schwarz","13":"first","14":"instock","15":"taxable","16":"shipping-taxable","17":"purchasable","18":"product-type-variable","19":"add-to-wishlist-before_image"},"exclude_global_add_ons":[],"addons":[],"acf":[],"_links":{"self":[{"href":"https:\/\/shop.kustom.ch\/fr\/wp-json\/wp\/v2\/product\/731625"}],"collection":[{"href":"https:\/\/shop.kustom.ch\/fr\/wp-json\/wp\/v2\/product"}],"about":[{"href":"https:\/\/shop.kustom.ch\/fr\/wp-json\/wp\/v2\/types\/product"}],"wp:featuredmedia":[{"embeddable":true,"href":"https:\/\/shop.kustom.ch\/fr\/wp-json\/wp\/v2\/media\/731687"}],"wp:attachment":[{"href":"https:\/\/shop.kustom.ch\/fr\/wp-json\/wp\/v2\/media?parent=731625"}],"wp:term":[{"taxonomy":"product_brand","embeddable":true,"href":"https:\/\/shop.kustom.ch\/fr\/wp-json\/wp\/v2\/product_brand?post=731625"},{"taxonomy":"product_cat","embeddable":true,"href":"https:\/\/shop.kustom.ch\/fr\/wp-json\/wp\/v2\/product_cat?post=731625"},{"taxonomy":"product_tag","embeddable":true,"href":"https:\/\/shop.kustom.ch\/fr\/wp-json\/wp\/v2\/product_tag?post=731625"}],"curies":[{"name":"wp","href":"https:\/\/api.w.org\/{rel}","templated":true}]}}