{"id":731588,"date":"2026-04-01T20:42:46","date_gmt":"2026-04-01T19:42:46","guid":{"rendered":"https:\/\/shop.kustom.ch\/?post_type=product&#038;p=731588"},"modified":"2026-04-01T20:44:03","modified_gmt":"2026-04-01T19:44:03","slug":"pac-coat-damen-thermo-mantel","status":"publish","type":"product","link":"https:\/\/shop.kustom.ch\/fr\/produit\/pac-coat-damen-thermo-mantel\/","title":{"rendered":"Pac Coat Manteau thermique pour femmes"},"content":{"rendered":"<p>Pac Coat.Pac Le manteau id\u00e9al pour tous ceux qui cherchent un compagnon l\u00e9ger mais chaud pour toutes les occasions. Gr\u00e2ce \u00e0 sa taille compacte, il peut \u00eatre facilement rang\u00e9 dans un petit sac et se glisse parfaitement dans n'importe quelle poche.<\/p>","protected":false},"excerpt":{"rendered":"<p>Pac Coat.Pac Le manteau id\u00e9al pour tous ceux qui cherchent un compagnon l\u00e9ger mais chaud pour toutes les occasions. Gr\u00e2ce \u00e0 sa taille compacte, il peut \u00eatre facilement rang\u00e9 dans un petit sac et se glisse parfaitement dans n'importe quelle poche.<\/p>","protected":false},"featured_media":731642,"template":"","meta":[],"product_brand":[],"product_cat":[4186],"product_tag":[],"class_list":{"0":"post-731588","1":"product","2":"type-product","3":"status-publish","4":"has-post-thumbnail","6":"product_cat-jacken","7":"pa_brand-rukka","8":"pa_brand-type-workwear","9":"pa_filter-color-blau","10":"pa_filter-color-gruen","11":"pa_filter-color-rot","12":"pa_filter-color-schwarz","14":"first","15":"instock","16":"taxable","17":"shipping-taxable","18":"purchasable","19":"product-type-variable","20":"add-to-wishlist-before_image"},"exclude_global_add_ons":[],"addons":[],"acf":[],"_links":{"self":[{"href":"https:\/\/shop.kustom.ch\/fr\/wp-json\/wp\/v2\/product\/731588"}],"collection":[{"href":"https:\/\/shop.kustom.ch\/fr\/wp-json\/wp\/v2\/product"}],"about":[{"href":"https:\/\/shop.kustom.ch\/fr\/wp-json\/wp\/v2\/types\/product"}],"wp:featuredmedia":[{"embeddable":true,"href":"https:\/\/shop.kustom.ch\/fr\/wp-json\/wp\/v2\/media\/731642"}],"wp:attachment":[{"href":"https:\/\/shop.kustom.ch\/fr\/wp-json\/wp\/v2\/media?parent=731588"}],"wp:term":[{"taxonomy":"product_brand","embeddable":true,"href":"https:\/\/shop.kustom.ch\/fr\/wp-json\/wp\/v2\/product_brand?post=731588"},{"taxonomy":"product_cat","embeddable":true,"href":"https:\/\/shop.kustom.ch\/fr\/wp-json\/wp\/v2\/product_cat?post=731588"},{"taxonomy":"product_tag","embeddable":true,"href":"https:\/\/shop.kustom.ch\/fr\/wp-json\/wp\/v2\/product_tag?post=731588"}],"curies":[{"name":"wp","href":"https:\/\/api.w.org\/{rel}","templated":true}]}}