{"id":731472,"date":"2026-04-01T20:40:55","date_gmt":"2026-04-01T19:40:55","guid":{"rendered":"https:\/\/shop.kustom.ch\/?post_type=product&#038;p=731472"},"modified":"2026-04-01T20:42:15","modified_gmt":"2026-04-01T19:42:15","slug":"nina-damen-trekking-rock","status":"publish","type":"product","link":"https:\/\/shop.kustom.ch\/fr\/produit\/nina-damen-trekking-rock\/","title":{"rendered":"Nina Jupe de trekking pour femmes"},"content":{"rendered":"<p>Nina . Une jupe de trekking sportive qui vous permet d'\u00eatre f\u00e9minine et \u00e0 la mode lors de vos randonn\u00e9es en montagne. Gr\u00e2ce au pantalon int\u00e9gr\u00e9, cette jupe offre une libert\u00e9 de mouvement maximale.<\/p>","protected":false},"excerpt":{"rendered":"<p>Nina . Une jupe de trekking sportive qui vous permet d'\u00eatre f\u00e9minine et \u00e0 la mode lors de vos randonn\u00e9es en montagne. Gr\u00e2ce au pantalon int\u00e9gr\u00e9, cette jupe offre une libert\u00e9 de mouvement maximale.<\/p>","protected":false},"featured_media":731517,"template":"","meta":[],"product_brand":[],"product_cat":[4194],"product_tag":[],"class_list":{"0":"post-731472","1":"product","2":"type-product","3":"status-publish","4":"has-post-thumbnail","6":"product_cat-roecke","7":"pa_brand-rukka","8":"pa_brand-type-workwear","9":"pa_filter-color-blau","10":"pa_filter-color-grau","11":"pa_filter-color-gruen","13":"first","14":"instock","15":"taxable","16":"shipping-taxable","17":"purchasable","18":"product-type-variable","19":"add-to-wishlist-before_image"},"exclude_global_add_ons":[],"addons":[],"acf":[],"_links":{"self":[{"href":"https:\/\/shop.kustom.ch\/fr\/wp-json\/wp\/v2\/product\/731472"}],"collection":[{"href":"https:\/\/shop.kustom.ch\/fr\/wp-json\/wp\/v2\/product"}],"about":[{"href":"https:\/\/shop.kustom.ch\/fr\/wp-json\/wp\/v2\/types\/product"}],"wp:featuredmedia":[{"embeddable":true,"href":"https:\/\/shop.kustom.ch\/fr\/wp-json\/wp\/v2\/media\/731517"}],"wp:attachment":[{"href":"https:\/\/shop.kustom.ch\/fr\/wp-json\/wp\/v2\/media?parent=731472"}],"wp:term":[{"taxonomy":"product_brand","embeddable":true,"href":"https:\/\/shop.kustom.ch\/fr\/wp-json\/wp\/v2\/product_brand?post=731472"},{"taxonomy":"product_cat","embeddable":true,"href":"https:\/\/shop.kustom.ch\/fr\/wp-json\/wp\/v2\/product_cat?post=731472"},{"taxonomy":"product_tag","embeddable":true,"href":"https:\/\/shop.kustom.ch\/fr\/wp-json\/wp\/v2\/product_tag?post=731472"}],"curies":[{"name":"wp","href":"https:\/\/api.w.org\/{rel}","templated":true}]}}