{"id":731445,"date":"2026-04-01T20:40:21","date_gmt":"2026-04-01T19:40:21","guid":{"rendered":"https:\/\/shop.kustom.ch\/?post_type=product&#038;p=731445"},"modified":"2026-04-01T20:41:46","modified_gmt":"2026-04-01T19:41:46","slug":"quarter-pants-damen-3-4-hose","status":"publish","type":"product","link":"https:\/\/shop.kustom.ch\/fr\/produit\/quarter-pants-damen-3-4-hose\/","title":{"rendered":"Quarter Pants Pantalon 3\/4 pour femmes"},"content":{"rendered":"<p>Pantalon de quart. Le tissu l\u00e9ger et \u00e9lastique offre une libert\u00e9 de mouvement maximale et, gr\u00e2ce \u00e0 sa coupe 3\/4, une l\u00e9g\u00e8ret\u00e9 qui prot\u00e8ge n\u00e9anmoins les cuisses et les genoux.<\/p>","protected":false},"excerpt":{"rendered":"<p>Pantalon de quart. Le tissu l\u00e9ger et \u00e9lastique offre une libert\u00e9 de mouvement maximale et, gr\u00e2ce \u00e0 sa coupe 3\/4, une l\u00e9g\u00e8ret\u00e9 qui prot\u00e8ge n\u00e9anmoins les cuisses et les genoux.<\/p>","protected":false},"featured_media":731507,"template":"","meta":[],"product_brand":[],"product_cat":[4185],"product_tag":[],"class_list":{"0":"post-731445","1":"product","2":"type-product","3":"status-publish","4":"has-post-thumbnail","6":"product_cat-hosen","7":"pa_brand-rukka","8":"pa_brand-type-workwear","9":"pa_filter-color-rot","11":"first","12":"instock","13":"taxable","14":"shipping-taxable","15":"purchasable","16":"product-type-variable","17":"add-to-wishlist-before_image"},"exclude_global_add_ons":[],"addons":[],"acf":[],"_links":{"self":[{"href":"https:\/\/shop.kustom.ch\/fr\/wp-json\/wp\/v2\/product\/731445"}],"collection":[{"href":"https:\/\/shop.kustom.ch\/fr\/wp-json\/wp\/v2\/product"}],"about":[{"href":"https:\/\/shop.kustom.ch\/fr\/wp-json\/wp\/v2\/types\/product"}],"wp:featuredmedia":[{"embeddable":true,"href":"https:\/\/shop.kustom.ch\/fr\/wp-json\/wp\/v2\/media\/731507"}],"wp:attachment":[{"href":"https:\/\/shop.kustom.ch\/fr\/wp-json\/wp\/v2\/media?parent=731445"}],"wp:term":[{"taxonomy":"product_brand","embeddable":true,"href":"https:\/\/shop.kustom.ch\/fr\/wp-json\/wp\/v2\/product_brand?post=731445"},{"taxonomy":"product_cat","embeddable":true,"href":"https:\/\/shop.kustom.ch\/fr\/wp-json\/wp\/v2\/product_cat?post=731445"},{"taxonomy":"product_tag","embeddable":true,"href":"https:\/\/shop.kustom.ch\/fr\/wp-json\/wp\/v2\/product_tag?post=731445"}],"curies":[{"name":"wp","href":"https:\/\/api.w.org\/{rel}","templated":true}]}}