{"id":731420,"date":"2026-04-01T20:39:52","date_gmt":"2026-04-01T19:39:52","guid":{"rendered":"https:\/\/shop.kustom.ch\/?post_type=product&#038;p=731420"},"modified":"2026-04-01T20:41:22","modified_gmt":"2026-04-01T19:41:22","slug":"bee-damen-sherpa-jacke","status":"publish","type":"product","link":"https:\/\/shop.kustom.ch\/fr\/produit\/bee-damen-sherpa-jacke\/","title":{"rendered":"Bee Veste en sherpa pour femmes"},"content":{"rendered":"<p>Bee . La nouvelle polaire l\u00e9g\u00e8re Sherpa n'est pas seulement superbe, elle offre aussi des possibilit\u00e9s d'utilisation infinies.<\/p>","protected":false},"excerpt":{"rendered":"<p>Bee . La nouvelle polaire l\u00e9g\u00e8re Sherpa n'est pas seulement superbe, elle offre aussi des possibilit\u00e9s d'utilisation infinies.<\/p>","protected":false},"featured_media":731461,"template":"","meta":[],"product_brand":[],"product_cat":[4186],"product_tag":[],"class_list":{"0":"post-731420","1":"product","2":"type-product","3":"status-publish","4":"has-post-thumbnail","6":"product_cat-jacken","7":"pa_brand-rukka","8":"pa_brand-type-workwear","9":"pa_filter-color-beige","10":"pa_filter-color-blau","11":"pa_filter-color-gruen","12":"pa_filter-color-violet","14":"first","15":"instock","16":"taxable","17":"shipping-taxable","18":"purchasable","19":"product-type-variable","20":"add-to-wishlist-before_image"},"exclude_global_add_ons":[],"addons":[],"acf":[],"_links":{"self":[{"href":"https:\/\/shop.kustom.ch\/fr\/wp-json\/wp\/v2\/product\/731420"}],"collection":[{"href":"https:\/\/shop.kustom.ch\/fr\/wp-json\/wp\/v2\/product"}],"about":[{"href":"https:\/\/shop.kustom.ch\/fr\/wp-json\/wp\/v2\/types\/product"}],"wp:featuredmedia":[{"embeddable":true,"href":"https:\/\/shop.kustom.ch\/fr\/wp-json\/wp\/v2\/media\/731461"}],"wp:attachment":[{"href":"https:\/\/shop.kustom.ch\/fr\/wp-json\/wp\/v2\/media?parent=731420"}],"wp:term":[{"taxonomy":"product_brand","embeddable":true,"href":"https:\/\/shop.kustom.ch\/fr\/wp-json\/wp\/v2\/product_brand?post=731420"},{"taxonomy":"product_cat","embeddable":true,"href":"https:\/\/shop.kustom.ch\/fr\/wp-json\/wp\/v2\/product_cat?post=731420"},{"taxonomy":"product_tag","embeddable":true,"href":"https:\/\/shop.kustom.ch\/fr\/wp-json\/wp\/v2\/product_tag?post=731420"}],"curies":[{"name":"wp","href":"https:\/\/api.w.org\/{rel}","templated":true}]}}